{"id":100,"date":"2018-05-19T20:53:30","date_gmt":"2018-05-19T18:53:30","guid":{"rendered":"http:\/\/www.spritspar-meisterschaft.de\/?page_id=100"},"modified":"2018-06-07T22:21:32","modified_gmt":"2018-06-07T20:21:32","slug":"effekte","status":"publish","type":"page","link":"https:\/\/www.spritspar-meisterschaft.de\/index.php\/effekte\/","title":{"rendered":"Effekte"},"content":{"rendered":"<p>&nbsp;<\/p>\n<p style=\"text-align: justify;\"><span style=\"font-size: 14pt;\">Sozial- und Wirtschaftsunternehmen besitzen gro\u00dfes Potenzial, durch Optimierung des betrieblichen Mobilit\u00e4tsportfolios und \u00c4nderung von Mobilit\u00e4tsverhalten zum Klimaschutz beizutragen, die Sicherheit ihrer Mitarbeiter zu erh\u00f6hen und zeitgleich Kosten zu sparen. Ob Auto oder andere Verkehrsmittel \u2013 von nachhaltiger Mobilit\u00e4t profitieren gerade kleine und mittlere Unternehmen. Berufskollegs bilden junge Klimaschutz-Botschafter aus, die in der Peergruppe und in Ausbildungsbetrieben wirken k\u00f6nnen.<\/span><\/p>\n<p>&nbsp;<\/p>\n<p><em><a href=\"http:\/\/www.spritspar-meisterschaft.de\/index.php\/klimaeffekte\/\"><span style=\"font-size: 14pt;\"><strong>Klimaeffekte<\/strong><\/span><\/a><\/em><\/p>\n<p><em><a href=\"http:\/\/www.spritspar-meisterschaft.de\/index.php\/sicherheits-und-gesundheitseffekte\/\"><span style=\"font-size: 14pt;\"><strong>Sicherheits- und Gesundheitseffekte<\/strong><\/span><\/a><\/em><\/p>\n<p><em><a href=\"http:\/\/www.spritspar-meisterschaft.de\/index.php\/kosteneffekte\/\"><span style=\"font-size: 14pt;\"><strong>Kosteneffekte<\/strong><\/span><\/a><\/em><\/p>\n<p><em><a href=\"http:\/\/www.spritspar-meisterschaft.de\/index.php\/kommunikationseffekte\/\"><span style=\"font-size: 14pt;\"><strong>Kommunikationseffekte<\/strong><\/span><\/a><\/em><\/p>\n","protected":false},"excerpt":{"rendered":"<p>&nbsp; Sozial- und Wirtschaftsunternehmen besitzen gro\u00dfes Potenzial, durch Optimierung des betrieblichen Mobilit\u00e4tsportfolios und \u00c4nderung von Mobilit\u00e4tsverhalten zum Klimaschutz beizutragen, die Sicherheit ihrer Mitarbeiter zu erh\u00f6hen und zeitgleich Kosten zu sparen. Ob Auto oder andere Verkehrsmittel \u2013 von nachhaltiger Mobilit\u00e4t profitieren<\/p>\n","protected":false},"author":2,"featured_media":0,"parent":0,"menu_order":0,"comment_status":"closed","ping_status":"closed","template":"","meta":{"footnotes":""},"class_list":["post-100","page","type-page","status-publish","hentry"],"_links":{"self":[{"href":"https:\/\/www.spritspar-meisterschaft.de\/index.php\/wp-json\/wp\/v2\/pages\/100","targetHints":{"allow":["GET"]}}],"collection":[{"href":"https:\/\/www.spritspar-meisterschaft.de\/index.php\/wp-json\/wp\/v2\/pages"}],"about":[{"href":"https:\/\/www.spritspar-meisterschaft.de\/index.php\/wp-json\/wp\/v2\/types\/page"}],"author":[{"embeddable":true,"href":"https:\/\/www.spritspar-meisterschaft.de\/index.php\/wp-json\/wp\/v2\/users\/2"}],"replies":[{"embeddable":true,"href":"https:\/\/www.spritspar-meisterschaft.de\/index.php\/wp-json\/wp\/v2\/comments?post=100"}],"version-history":[{"count":0,"href":"https:\/\/www.spritspar-meisterschaft.de\/index.php\/wp-json\/wp\/v2\/pages\/100\/revisions"}],"wp:attachment":[{"href":"https:\/\/www.spritspar-meisterschaft.de\/index.php\/wp-json\/wp\/v2\/media?parent=100"}],"curies":[{"name":"wp","href":"https:\/\/api.w.org\/{rel}","templated":true}]}}