{"id":108,"date":"2018-05-19T20:55:50","date_gmt":"2018-05-19T18:55:50","guid":{"rendered":"http:\/\/www.spritspar-meisterschaft.de\/?page_id=108"},"modified":"2018-05-21T09:56:22","modified_gmt":"2018-05-21T07:56:22","slug":"sicherheits-und-gesundheitseffekte","status":"publish","type":"page","link":"https:\/\/www.spritspar-meisterschaft.de\/index.php\/sicherheits-und-gesundheitseffekte\/","title":{"rendered":"Sicherheits- und Gesundheitseffekte"},"content":{"rendered":"<p>&nbsp;<\/p>\n<p style=\"text-align: justify;\"><span style=\"font-size: 14pt;\">Als Kernkompetenz vermittelt das Eco Safety-Training einen vorausschauenden und entspannten Fahrstil. Damit ist spritsparendes Fahren zugleich auch kooperativer und r\u00fccksichtsvoller gegen\u00fcber anderen Verkehrsteilnehmern. Weniger Fahrstress und mehr Verkehrssicherheit sind die Effekte. Ein zeitgem\u00e4\u00dfer, sichererer Fahrstil senkt die Zahl und Schwere von Unf\u00e4llen. Spritspar-Trainings weisen mit rund 35% weniger Haftpflichtsch\u00e4den eine signifikante Senkung des Unfallrisikos nach. Die spezielle Trainingskonzeption der Eco Safety-Trainings inkludiert sicherheitsrelevante Themen. Die Ergebnisse umfassender Teilnehmerbefragungen best\u00e4tigen, dass <span style=\"color: #77cc6d;\"><strong>Fahrsicherheit ein wichtiger Trainingsschwerpunkt<\/strong><\/span> ist, der gro\u00dfe Alltagsrelevanz und daher eine hohen Umsetzungsgrad besitzt. Die im Training erzielten <span style=\"color: #77cc6d;\"><strong>Einsparungen der Teilnehmer<\/strong><\/span> sind also zugleich <span style=\"color: #77cc6d;\"><strong>Gradmesser <\/strong><\/span>ver\u00e4nderten Fahrverhaltens und von reduziertem Fahrstress. Damit wird eine <span style=\"color: #77cc6d;\"><strong>sicherheitsrelevante Verhaltens\u00e4nderung<\/strong><\/span> auch bereits messbar, bevor\u00a0\u00a0 r\u00fcckl\u00e4ufige Zahlen von Schadensf\u00e4llen auswertbar ist.<\/span><\/p>\n<p style=\"text-align: justify;\">\n","protected":false},"excerpt":{"rendered":"<p>&nbsp; Als Kernkompetenz vermittelt das Eco Safety-Training einen vorausschauenden und entspannten Fahrstil. Damit ist spritsparendes Fahren zugleich auch kooperativer und r\u00fccksichtsvoller gegen\u00fcber anderen Verkehrsteilnehmern. Weniger Fahrstress und mehr Verkehrssicherheit sind die Effekte. Ein zeitgem\u00e4\u00dfer, sichererer Fahrstil senkt die Zahl und<\/p>\n","protected":false},"author":2,"featured_media":0,"parent":0,"menu_order":0,"comment_status":"closed","ping_status":"closed","template":"","meta":{"footnotes":""},"class_list":["post-108","page","type-page","status-publish","hentry"],"_links":{"self":[{"href":"https:\/\/www.spritspar-meisterschaft.de\/index.php\/wp-json\/wp\/v2\/pages\/108","targetHints":{"allow":["GET"]}}],"collection":[{"href":"https:\/\/www.spritspar-meisterschaft.de\/index.php\/wp-json\/wp\/v2\/pages"}],"about":[{"href":"https:\/\/www.spritspar-meisterschaft.de\/index.php\/wp-json\/wp\/v2\/types\/page"}],"author":[{"embeddable":true,"href":"https:\/\/www.spritspar-meisterschaft.de\/index.php\/wp-json\/wp\/v2\/users\/2"}],"replies":[{"embeddable":true,"href":"https:\/\/www.spritspar-meisterschaft.de\/index.php\/wp-json\/wp\/v2\/comments?post=108"}],"version-history":[{"count":0,"href":"https:\/\/www.spritspar-meisterschaft.de\/index.php\/wp-json\/wp\/v2\/pages\/108\/revisions"}],"wp:attachment":[{"href":"https:\/\/www.spritspar-meisterschaft.de\/index.php\/wp-json\/wp\/v2\/media?parent=108"}],"curies":[{"name":"wp","href":"https:\/\/api.w.org\/{rel}","templated":true}]}}