{"id":114,"date":"2018-05-19T21:03:47","date_gmt":"2018-05-19T19:03:47","guid":{"rendered":"http:\/\/www.spritspar-meisterschaft.de\/?page_id=114"},"modified":"2018-06-10T20:36:33","modified_gmt":"2018-06-10T18:36:33","slug":"daten-und-bedarfserhebungen","status":"publish","type":"page","link":"https:\/\/www.spritspar-meisterschaft.de\/index.php\/daten-und-bedarfserhebungen\/","title":{"rendered":"Daten- und Bedarfserhebungen"},"content":{"rendered":"<p>&nbsp;<\/p>\n<p style=\"text-align: justify;\"><span style=\"font-size: 14pt;\">Die Erhebung und Auswertung von Daten &#8211; vor allem zur <span style=\"color: #77cc6d;\"><strong>Quantifizierung von Effekten der Kraftstoff-Einsparung und CO<sub>2<\/sub>-Minderung<\/strong><\/span> &#8211; sind in verschiedene Phasen des Projekts integriert. Bei allen Trainingsma\u00dfnahmen \u2013 insbesondere den fahrpraktischen Eco Safety-Trainings \u2013 werden Messwerte erfasst, dokumentiert und ausgewertet. Zus\u00e4tzlich werden als soziale Kenngr\u00f6\u00dfe betriebliche Kennzahlen zur Verkehrssicherheit erfasst, z.B. Unfallzahlen und deren Entwicklung im Vorher-Nachher-Vergleich bzw. in der langfristigen Betrachtung.<\/span><\/p>\n<p style=\"text-align: justify;\"><span style=\"font-size: 14pt;\">Zur <span style=\"color: #77cc6d;\"><strong>Vorbereitung der passgenauen Mobilit\u00e4tsberatung<\/strong><\/span> f\u00fcr einzelne Unternehmen werden Daten und spezielle Interessen in zwei<span style=\"color: #77cc6d;\"><strong> Frageb\u00f6gen<\/strong><\/span> erhoben. Ein spezifischer Fragebogen zu Themen jenseits des motorisierten Individualverkehrs richtet sich an die <span style=\"color: #77cc6d;\"><strong>Besch\u00e4ftigten der Unternehmen<\/strong><\/span>. So lassen sich <span style=\"color: #77cc6d;\"><strong>Erwartungen und Bed\u00fcrfnisse analysieren<\/strong><\/span> und bei den nachfolgenden Beratungen thematisieren. Erfasst werden zum einen der Status Quo der Mitarbeiter-Mobilit\u00e4t \u2013 sowohl auf dem Weg von\/zur Arbeit als auch w\u00e4hrend der Berufsaus\u00fcbung \u2013 und der Beratungsbedarf sowie unterst\u00fctzende Ma\u00dfnahmen (z.B. Jobtickets, Anreizsysteme f\u00fcr Fahrradnutzung) zur F\u00f6rderung klimafreundlicher Alternativen. Zum anderen werden Vorschl\u00e4ge seitens der Belegschaft zu Klima-optimierter Mobilit\u00e4t ihres Betriebs gesammelt, z.B. hinsichtlich Lastenfahrr\u00e4dern, Dienstfahrr\u00e4dern oder Fahrradkurieren, Telefon-\/Online-Konferenzen statt Dienstreisen oder dem Einrichten eines Vorschlagswesens zur klimafreundlichen Optimierung betrieblicher Mobilit\u00e4t. Zugleich wird die pers\u00f6nliche Bereitschaft zu einzelnen Ma\u00dfnahmen und \u00c4nderungen ermittelt.<\/span><\/p>\n<p style=\"text-align: justify;\"><span style=\"font-size: 14pt;\">Zur Automobilit\u00e4t werden <span style=\"color: #77cc6d;\"><strong>Flottenverantwortliche und F\u00fchrungspersonal<\/strong><\/span> eigens befragt; dieser Fragenbogen fokussiert auf Mobilit\u00e4tskultur und -organisation im betrieblichen Alltag.<\/span><\/p>\n<p style=\"text-align: justify;\"><span style=\"font-size: 14pt;\">Die Angaben beider Frageb\u00f6gen werden vertraulich behandelt, der Fragebogen f\u00fcr die Mitarbeiter wird anonymisiert.<\/span><\/p>\n<p style=\"text-align: justify;\"><span style=\"color: #77cc6d;\"><em><strong><span style=\"font-size: 14pt;\"><a style=\"color: #77cc6d;\" href=\"http:\/\/www.spritspar-meisterschaft.de\/wp-content\/uploads\/2018\/06\/Fragebogen-K\u00f6lner-Spritspar-Meisterschaft-Teil-I-Fragebogen-f\u00fcr-die-Unternehmensleitung_Final_Formularmodus.docx\">Fragebogen K\u00f6lner Spritspar-Meisterschaft Teil I Fragebogen f\u00fcr die Unternehmensleitung<\/a><\/span><\/strong><\/em><\/span><\/p>\n<p style=\"text-align: justify;\"><span style=\"color: #77cc6d;\"><em><strong><span style=\"font-size: 14pt;\"><a style=\"color: #77cc6d;\" href=\"http:\/\/www.spritspar-meisterschaft.de\/wp-content\/uploads\/2018\/06\/Fragebogen-K\u00f6lner-Spritspar-Meisterschaft-Teil-II-Mitarbeiterfragebogen_Final_Formularmodus.docx\">Fragebogen K\u00f6lner Spritspar-Meisterschaft Teil II Mitarbeiterfragebogen<\/a><\/span><\/strong><\/em><\/span><\/p>\n<p>&nbsp;<\/p>\n<p><a href=\"http:\/\/www.spritspar-meisterschaft.de\/index.php\/bildungsmaterialien-und-praesentationen\/\"><span style=\"color: #77cc6d;\"><em><span style=\"font-size: 14pt;\"><strong>Bildungsmaterialien und Pr\u00e4sentationen<\/strong><\/span><\/em><\/span><\/a><\/p>\n<p><a href=\"http:\/\/www.spritspar-meisterschaft.de\/index.php\/workshops\/\"><span style=\"color: #77cc6d;\"><em><span style=\"font-size: 14pt;\"><strong>Workshops<\/strong><\/span><\/em><\/span><\/a><\/p>\n","protected":false},"excerpt":{"rendered":"<p>&nbsp; Die Erhebung und Auswertung von Daten &#8211; vor allem zur Quantifizierung von Effekten der Kraftstoff-Einsparung und CO2-Minderung &#8211; sind in verschiedene Phasen des Projekts integriert. Bei allen Trainingsma\u00dfnahmen \u2013 insbesondere den fahrpraktischen Eco Safety-Trainings \u2013 werden Messwerte erfasst, dokumentiert<\/p>\n","protected":false},"author":2,"featured_media":0,"parent":0,"menu_order":0,"comment_status":"closed","ping_status":"closed","template":"","meta":{"footnotes":""},"class_list":["post-114","page","type-page","status-publish","hentry"],"_links":{"self":[{"href":"https:\/\/www.spritspar-meisterschaft.de\/index.php\/wp-json\/wp\/v2\/pages\/114","targetHints":{"allow":["GET"]}}],"collection":[{"href":"https:\/\/www.spritspar-meisterschaft.de\/index.php\/wp-json\/wp\/v2\/pages"}],"about":[{"href":"https:\/\/www.spritspar-meisterschaft.de\/index.php\/wp-json\/wp\/v2\/types\/page"}],"author":[{"embeddable":true,"href":"https:\/\/www.spritspar-meisterschaft.de\/index.php\/wp-json\/wp\/v2\/users\/2"}],"replies":[{"embeddable":true,"href":"https:\/\/www.spritspar-meisterschaft.de\/index.php\/wp-json\/wp\/v2\/comments?post=114"}],"version-history":[{"count":0,"href":"https:\/\/www.spritspar-meisterschaft.de\/index.php\/wp-json\/wp\/v2\/pages\/114\/revisions"}],"wp:attachment":[{"href":"https:\/\/www.spritspar-meisterschaft.de\/index.php\/wp-json\/wp\/v2\/media?parent=114"}],"curies":[{"name":"wp","href":"https:\/\/api.w.org\/{rel}","templated":true}]}}