{"id":116,"date":"2018-05-19T21:04:39","date_gmt":"2018-05-19T19:04:39","guid":{"rendered":"http:\/\/www.spritspar-meisterschaft.de\/?page_id=116"},"modified":"2018-06-08T12:07:32","modified_gmt":"2018-06-08T10:07:32","slug":"projekt-akteure","status":"publish","type":"page","link":"https:\/\/www.spritspar-meisterschaft.de\/index.php\/projekt-akteure\/","title":{"rendered":"Projekt-Akteure"},"content":{"rendered":"<p>&nbsp;<\/p>\n<p>&nbsp;<\/p>\n<table style=\"height: 574px;\" width=\"621\">\n<tbody>\n<tr>\n<td width=\"302\"><img loading=\"lazy\" decoding=\"async\" class=\"size-medium wp-image-350 alignleft\" src=\"http:\/\/www.spritspar-meisterschaft.de\/wp-content\/uploads\/2018\/05\/Allegium-300x136.png\" alt=\"\" width=\"300\" height=\"136\" srcset=\"https:\/\/www.spritspar-meisterschaft.de\/wp-content\/uploads\/2018\/05\/Allegium-300x136.png 300w, https:\/\/www.spritspar-meisterschaft.de\/wp-content\/uploads\/2018\/05\/Allegium-768x348.png 768w, https:\/\/www.spritspar-meisterschaft.de\/wp-content\/uploads\/2018\/05\/Allegium-1024x465.png 1024w\" sizes=\"auto, (max-width: 300px) 100vw, 300px\" \/><\/td>\n<td width=\"302\"><img loading=\"lazy\" decoding=\"async\" class=\"size-medium wp-image-375 alignleft\" src=\"http:\/\/www.spritspar-meisterschaft.de\/wp-content\/uploads\/2018\/05\/Natur-und-Kultur-Logo-2011-300x101.png\" alt=\"\" width=\"300\" height=\"101\" srcset=\"https:\/\/www.spritspar-meisterschaft.de\/wp-content\/uploads\/2018\/05\/Natur-und-Kultur-Logo-2011-300x101.png 300w, https:\/\/www.spritspar-meisterschaft.de\/wp-content\/uploads\/2018\/05\/Natur-und-Kultur-Logo-2011-768x258.png 768w, https:\/\/www.spritspar-meisterschaft.de\/wp-content\/uploads\/2018\/05\/Natur-und-Kultur-Logo-2011-1024x344.png 1024w, https:\/\/www.spritspar-meisterschaft.de\/wp-content\/uploads\/2018\/05\/Natur-und-Kultur-Logo-2011.png 2046w\" sizes=\"auto, (max-width: 300px) 100vw, 300px\" \/><\/td>\n<\/tr>\n<tr>\n<td width=\"302\"><span style=\"color: #77cc6d;\"><strong><span style=\"font-size: 14pt;\">Allegium GmbH<\/span><\/strong><\/span><\/p>\n<p><strong>Kampagnenleitung<\/strong><\/p>\n<p><span style=\"font-size: 14pt;\">Tarek Nazzal<\/span><\/p>\n<p><span style=\"font-size: 14pt;\">Gesch\u00e4ftsf\u00fchrer<\/span><\/p>\n<p><span style=\"font-size: 14pt;\">Goltsteinstra\u00dfe 90<\/span><\/p>\n<p><span style=\"font-size: 14pt;\">50968 K\u00f6ln<\/span><\/p>\n<p><span style=\"font-size: 14pt;\">0221 35663123 oder 0177 6268343<\/span><\/p>\n<p><a href=\"mailto:eco-driving@gmx.de\"><img loading=\"lazy\" decoding=\"async\" class=\"alignnone size-full wp-image-346\" src=\"http:\/\/www.spritspar-meisterschaft.de\/wp-content\/uploads\/2018\/05\/8_Mail.adresse.gr\u00fcn.eco-dri.png\" alt=\"\" width=\"156\" height=\"17\" srcset=\"https:\/\/www.spritspar-meisterschaft.de\/wp-content\/uploads\/2018\/05\/8_Mail.adresse.gr\u00fcn.eco-dri.png 156w, https:\/\/www.spritspar-meisterschaft.de\/wp-content\/uploads\/2018\/05\/8_Mail.adresse.gr\u00fcn.eco-dri-150x17.png 150w\" sizes=\"auto, (max-width: 156px) 100vw, 156px\" \/><\/a><\/p>\n<p><a href=\"http:\/\/www.spritspar-meisterschaft.de\/\" target=\"_blank\" rel=\"noopener\"><span style=\"font-size: 14pt;\">www.allegium.de<\/span><\/a><\/td>\n<td width=\"302\"><span style=\"color: #77cc6d;\"><strong><span style=\"font-size: 14pt;\">Natur &amp;<span style=\"color: #77cc6d;\"> Ku<\/span>ltur<\/span><\/strong><\/span><\/p>\n<p><strong>Co-Projektpartner<\/strong><\/p>\n<p><span style=\"font-size: 14pt;\">Dr. Brigitte Jantz<\/span><\/p>\n<p><span style=\"font-size: 14pt;\">Klimaschutzkoordinatorin<\/span><\/p>\n<p><span style=\"font-size: 14pt;\">Longericher Stra\u00dfe 136<\/span><\/p>\n<p><span style=\"font-size: 14pt;\">50739 K\u00f6ln<\/span><\/p>\n<p><span style=\"font-size: 14pt;\">0221 888996-30<\/span><\/p>\n<p><a href=\"mailto:brigitte.jantz@net-sozial.de\"><img loading=\"lazy\" decoding=\"async\" class=\"alignnone size-full wp-image-345\" src=\"http:\/\/www.spritspar-meisterschaft.de\/wp-content\/uploads\/2018\/05\/7_Mail.adresse.gr\u00fcn.brigitt.png\" alt=\"\" width=\"204\" height=\"22\" \/><\/a><\/p>\n<p style=\"text-align: left;\"><a href=\"http:\/\/www.klimabildung-koeln.de\" target=\"_blank\" rel=\"noopener\"><span style=\"font-size: 14pt;\">www.klimabildung-koeln.de<\/span><\/a><\/p>\n<\/td>\n<\/tr>\n<\/tbody>\n<\/table>\n<p style=\"text-align: justify;\"><span style=\"font-size: 14pt;\">F\u00fcr Nachfragen und zur Anmeldung stehen wir gerne zur Verf\u00fcgung. Oder nutzen Sie direkt das <span style=\"color: #77cc6d;\"><em><strong><a href=\"http:\/\/www.spritspar-meisterschaft.de\/wp-content\/uploads\/2018\/06\/Anmeldeformular_KSM-06-2018.pdf\" target=\"_blank\" rel=\"noopener\">Anmeldeformular<\/a><\/strong><\/em><\/span><\/span><\/p>\n<p>&nbsp;<\/p>\n<p style=\"text-align: justify;\"><a href=\"http:\/\/www.spritspar-meisterschaft.de\/index.php\/kooperationspartner-1\/\"><span style=\"color: #77cc6d; font-size: 14pt;\"><em><strong>Kooperationspartner und Unterst\u00fctzer<\/strong><\/em><\/span><\/a><\/p>\n","protected":false},"excerpt":{"rendered":"<p>&nbsp; &nbsp; Allegium GmbH Kampagnenleitung Tarek Nazzal Gesch\u00e4ftsf\u00fchrer Goltsteinstra\u00dfe 90 50968 K\u00f6ln 0221 35663123 oder 0177 6268343 www.allegium.de Natur &amp; Kultur Co-Projektpartner Dr. Brigitte Jantz Klimaschutzkoordinatorin Longericher Stra\u00dfe 136 50739 K\u00f6ln 0221 888996-30 www.klimabildung-koeln.de F\u00fcr Nachfragen und zur Anmeldung stehen<\/p>\n","protected":false},"author":2,"featured_media":0,"parent":0,"menu_order":0,"comment_status":"closed","ping_status":"closed","template":"","meta":{"footnotes":""},"class_list":["post-116","page","type-page","status-publish","hentry"],"_links":{"self":[{"href":"https:\/\/www.spritspar-meisterschaft.de\/index.php\/wp-json\/wp\/v2\/pages\/116","targetHints":{"allow":["GET"]}}],"collection":[{"href":"https:\/\/www.spritspar-meisterschaft.de\/index.php\/wp-json\/wp\/v2\/pages"}],"about":[{"href":"https:\/\/www.spritspar-meisterschaft.de\/index.php\/wp-json\/wp\/v2\/types\/page"}],"author":[{"embeddable":true,"href":"https:\/\/www.spritspar-meisterschaft.de\/index.php\/wp-json\/wp\/v2\/users\/2"}],"replies":[{"embeddable":true,"href":"https:\/\/www.spritspar-meisterschaft.de\/index.php\/wp-json\/wp\/v2\/comments?post=116"}],"version-history":[{"count":0,"href":"https:\/\/www.spritspar-meisterschaft.de\/index.php\/wp-json\/wp\/v2\/pages\/116\/revisions"}],"wp:attachment":[{"href":"https:\/\/www.spritspar-meisterschaft.de\/index.php\/wp-json\/wp\/v2\/media?parent=116"}],"curies":[{"name":"wp","href":"https:\/\/api.w.org\/{rel}","templated":true}]}}