{"id":120,"date":"2018-05-19T21:08:18","date_gmt":"2018-05-19T19:08:18","guid":{"rendered":"http:\/\/www.spritspar-meisterschaft.de\/?page_id=120"},"modified":"2018-06-11T11:49:45","modified_gmt":"2018-06-11T09:49:45","slug":"der-wettbewerb","status":"publish","type":"page","link":"https:\/\/www.spritspar-meisterschaft.de\/index.php\/der-wettbewerb\/","title":{"rendered":"Der Wettbewerb"},"content":{"rendered":"<p>&nbsp;<\/p>\n<p style=\"text-align: justify;\"><span style=\"font-size: 14pt;\">Die <span style=\"color: #77cc6d;\"><strong>effizientesten Fahrer<\/strong><\/span> werden \u201eK\u00f6lner Spritspar-Meister\u201c. Das Eco Safety-Training im realen Stra\u00dfenverkehr ist als<span style=\"color: #77cc6d;\"> <strong>Wettbewerb <\/strong><\/span>ausgelegt, um spielerisch Begeisterung f\u00fcr nachhaltige Mobilit\u00e4t entstehen zu lassen. Bei ca. <span style=\"color: #77cc6d;\"><strong>500 Fahrern<\/strong><\/span> werden gemessene und gewichtete Werte beim Spritverbrauch verglichen und so stufenweise die Spritspar-Meister ermittelt \u2013 zun\u00e4chst innerhalb der Unternehmen. Die jeweils Besten treten dann als Finalisten in der Zwischenrunde der <span style=\"color: #77cc6d;\"><strong>Bezirks- oder Veedels-Meisterschaft <\/strong><\/span>an. Die jeweiligen Bezirks- bzw. Veedels-Spritspar-Meister nehmen am gro\u00dfen K\u00f6lner Finale teil. Dort werden die Top 3 der K\u00f6lner Spritsparer ermittelt und als <span style=\"color: #77cc6d;\"><strong>K\u00f6lner Spritspar-Meister in Gold, Silber und Bronze<\/strong><\/span> gek\u00fcrt.<\/span><\/p>\n<p>&nbsp;<\/p>\n<p><a href=\"http:\/\/www.spritspar-meisterschaft.de\/index.php\/spritspar-aktive-klima-aktive-unternehmen\/\"><em><span style=\"color: #77cc6d; font-size: 14pt;\"><strong>Ergebnisse der Klima-aktiven Unternehmen<\/strong><\/span><\/em><\/a><\/p>\n<p><a href=\"http:\/\/www.spritspar-meisterschaft.de\/index.php\/129-2\/\"><em><span style=\"color: #77cc6d; font-size: 14pt;\"><strong>Nominierte Kandidaten f\u00fcr die <span style=\"color: #77cc6d;\">Bezirks-Meisterschaft<\/span><\/strong><\/span><\/em><\/a><\/p>\n<p><a href=\"http:\/\/www.spritspar-meisterschaft.de\/index.php\/erfahrungsberichte-aus-den-fahrtrainings\/\"><span style=\"color: #77cc6d; font-size: 14pt;\"><em><strong>Erfahrungsberichte aus den Fahrtrainings<\/strong><\/em><\/span><\/a><\/p>\n<p><a href=\"http:\/\/www.spritspar-meisterschaft.de\/index.php\/meisterschaften\/\"><em><span style=\"color: #77cc6d; font-size: 14pt;\"><strong>Bezirks-Meisterschaften<\/strong><\/span><\/em><\/a><\/p>\n","protected":false},"excerpt":{"rendered":"<p>&nbsp; Die effizientesten Fahrer werden \u201eK\u00f6lner Spritspar-Meister\u201c. Das Eco Safety-Training im realen Stra\u00dfenverkehr ist als Wettbewerb ausgelegt, um spielerisch Begeisterung f\u00fcr nachhaltige Mobilit\u00e4t entstehen zu lassen. Bei ca. 500 Fahrern werden gemessene und gewichtete Werte beim Spritverbrauch verglichen und so<\/p>\n","protected":false},"author":2,"featured_media":0,"parent":0,"menu_order":0,"comment_status":"closed","ping_status":"closed","template":"","meta":{"footnotes":""},"class_list":["post-120","page","type-page","status-publish","hentry"],"_links":{"self":[{"href":"https:\/\/www.spritspar-meisterschaft.de\/index.php\/wp-json\/wp\/v2\/pages\/120","targetHints":{"allow":["GET"]}}],"collection":[{"href":"https:\/\/www.spritspar-meisterschaft.de\/index.php\/wp-json\/wp\/v2\/pages"}],"about":[{"href":"https:\/\/www.spritspar-meisterschaft.de\/index.php\/wp-json\/wp\/v2\/types\/page"}],"author":[{"embeddable":true,"href":"https:\/\/www.spritspar-meisterschaft.de\/index.php\/wp-json\/wp\/v2\/users\/2"}],"replies":[{"embeddable":true,"href":"https:\/\/www.spritspar-meisterschaft.de\/index.php\/wp-json\/wp\/v2\/comments?post=120"}],"version-history":[{"count":0,"href":"https:\/\/www.spritspar-meisterschaft.de\/index.php\/wp-json\/wp\/v2\/pages\/120\/revisions"}],"wp:attachment":[{"href":"https:\/\/www.spritspar-meisterschaft.de\/index.php\/wp-json\/wp\/v2\/media?parent=120"}],"curies":[{"name":"wp","href":"https:\/\/api.w.org\/{rel}","templated":true}]}}