{"id":122,"date":"2018-05-19T21:11:15","date_gmt":"2018-05-19T19:11:15","guid":{"rendered":"http:\/\/www.spritspar-meisterschaft.de\/?page_id=122"},"modified":"2018-09-30T13:04:38","modified_gmt":"2018-09-30T11:04:38","slug":"spritspar-aktive-klima-aktive-unternehmen","status":"publish","type":"page","link":"https:\/\/www.spritspar-meisterschaft.de\/index.php\/spritspar-aktive-klima-aktive-unternehmen\/","title":{"rendered":"Ergebnisse der Klima-aktiven Unternehmen"},"content":{"rendered":"<p>&nbsp;<\/p>\n<p><span style=\"color: #77cc6d; font-size: 16pt;\"><b>I <span style=\"color: #77cc6d;\">Innenstadt<\/span><\/b><\/span><\/p>\n<ul>\n<li><span style=\"font-size: 14pt;\">Randstad Deutschland <span style=\"color: #77cc6d;\"><a style=\"color: #77cc6d;\" href=\"http:\/\/www.spritspar-meisterschaft.de\/wp-content\/uploads\/2018\/06\/Gesamtauswertung_Randstad.pdf\" target=\"_blank\" rel=\"noopener\"><em><strong>(Gesamtergebnis)<\/strong><\/em><\/a><\/span><\/span><\/li>\n<li><span style=\"font-size: 14pt;\">Di\u00f6zesan-Caritasverband f\u00fcr das Erzbistum K\u00f6ln e. V. <a href=\"http:\/\/www.spritspar-meisterschaft.de\/wp-content\/uploads\/2018\/06\/Gesamtauswertung_Caritas.pdf\" target=\"_blank\" rel=\"noopener\"><span style=\"color: #77cc6d;\"><em><strong>(Gesamtergebnis)<\/strong><\/em><\/span><\/a><\/span><\/li>\n<li><span style=\"font-size: 14pt;\">Diakonie gGmbH K\u00f6ln und Region (Stadtbezirk Innenstadt) <a href=\"http:\/\/www.spritspar-meisterschaft.de\/wp-content\/uploads\/2018\/06\/Gesamtauswertung-Diakonie.pdf\" target=\"_blank\" rel=\"noopener\"><span style=\"color: #77cc6d;\"><strong><em>(Gesamtergebnis)<\/em><\/strong><\/span><\/a><\/span><\/li>\n<li><span style=\"font-size: 14pt;\">Ordnungsamt der Stadt K\u00f6ln <a href=\"http:\/\/www.spritspar-meisterschaft.de\/wp-content\/uploads\/2018\/06\/Gesamtauswertung_Ordnungsamt-der-Stadt-K\u00f6ln.pdf\" target=\"_blank\" rel=\"noopener\"><span style=\"color: #77cc6d;\"><strong><em>(Gesamtergebnis)<\/em><\/strong><\/span><\/a><\/span><\/li>\n<li><span style=\"font-size: 14pt;\">TH K\u00f6ln &#8211; University of Applied Sciences \/ Faculty of Architecture <a href=\"http:\/\/www.spritspar-meisterschaft.de\/wp-content\/uploads\/2018\/06\/Gesamtauswertung-TH-K\u00f6ln.pdf\" target=\"_blank\" rel=\"noopener\"><span style=\"color: #77cc6d;\"><strong><em>(Gesamtergebnis)<\/em><\/strong><\/span><\/a><\/span><\/li>\n<\/ul>\n<p>&nbsp;<\/p>\n<p><span style=\"color: #77cc6d;\"><strong><span style=\"font-size: 16pt;\">II Rodenkirchen<\/span><\/strong><\/span><\/p>\n<p>&nbsp;<\/p>\n<p><span style=\"color: #77cc6d;\"><strong><span style=\"font-size: 16pt;\">III Lindenthal<\/span><\/strong><\/span><\/p>\n<ul>\n<li><span style=\"font-size: 14pt;\">Universit\u00e4t zu K\u00f6ln MINT-Didaktik<strong><em><span style=\"color: #77cc6d;\">\u00a0<a style=\"color: #77cc6d;\" href=\"http:\/\/www.spritspar-meisterschaft.de\/wp-content\/uploads\/2018\/06\/Gesamtauswertung-Uni_K\u00f6ln_Mint-Didaktik.pdf\" target=\"_blank\" rel=\"noopener\">(Gesamtergebnis)<\/a><\/span><\/em><\/strong><\/span><\/li>\n<li><span style=\"font-size: 14pt;\">Diakonie gGmbH K\u00f6ln und Region (Stadtbezirk Lindenthal)\u00a0<span style=\"color: #77cc6d;\"><a style=\"color: #77cc6d;\" href=\"http:\/\/www.spritspar-meisterschaft.de\/wp-content\/uploads\/2018\/06\/Gesamtauswertung-Diakonie.pdf\" target=\"_blank\" rel=\"noopener\"><em><strong>(Gesamtergebnis)<\/strong><\/em><\/a><\/span><\/span><\/li>\n<li><span style=\"font-size: 14pt;\">Gr\u00fcnfl\u00e4chenamt der Stadt K\u00f6ln\u00a0<a href=\"http:\/\/www.spritspar-meisterschaft.de\/wp-content\/uploads\/2018\/06\/Gesamtauswertung-Gr\u00fcnfl\u00e4chenamt_Stadt-K\u00f6ln.pdf\" target=\"_blank\" rel=\"noopener\"><span style=\"color: #77cc6d;\"><strong><em>(Gesamtergebnis)<\/em><\/strong><\/span><\/a><\/span><\/li>\n<\/ul>\n<p>&nbsp;<\/p>\n<p><span style=\"color: #77cc6d;\"><strong><span style=\"font-size: 16pt;\">IV Ehrenfeld<\/span><\/strong><\/span><\/p>\n<ul>\n<li><span style=\"font-size: 14pt;\">Diakonie gGmbH K\u00f6ln und Region (Stadtbezirk Ehrenfeld)\u00a0<span style=\"color: #77cc6d;\"><a style=\"color: #77cc6d;\" href=\"http:\/\/www.spritspar-meisterschaft.de\/wp-content\/uploads\/2018\/06\/Gesamtauswertung-Diakonie.pdf\" target=\"_blank\" rel=\"noopener\"><strong><em>(Gesamtergebnis)<\/em><\/strong><\/a><\/span><\/span><\/li>\n<li><span style=\"font-size: 14pt;\">Caritas K\u00f6ln<span style=\"color: #77cc6d;\">\u00a0<strong><em><a href=\"http:\/\/www.spritspar-meisterschaft.de\/wp-content\/uploads\/2018\/06\/Gesamtauswertung-Caritas-K\u00f6ln.pdf\" target=\"_blank\" rel=\"noopener\"><span style=\"color: #77cc6d;\">(Gesamtergebnis)<\/span><\/a><\/em><\/strong><\/span><\/span><\/li>\n<li><span style=\"font-size: 14pt;\">K\u00f6lner K\u00fcnstler Theater <a href=\"https:\/\/www.spritspar-meisterschaft.de\/wp-content\/uploads\/2018\/09\/Gruppenauswertung-KKT.pdf\" target=\"_blank\" rel=\"noopener\"><em><strong>(Gesamtergebnis)<\/strong><\/em><\/a><\/span><\/li>\n<\/ul>\n<p>&nbsp;<\/p>\n<p><span style=\"color: #77cc6d; font-size: 16pt;\"><strong>V Nippes<\/strong><\/span><\/p>\n<ul>\n<li><span style=\"font-size: 14pt;\">Diakonie gGmbH K\u00f6ln und Region (Stadtbezirk Nippes)<strong><em><span style=\"color: #77cc6d;\">\u00a0<a href=\"http:\/\/www.spritspar-meisterschaft.de\/wp-content\/uploads\/2018\/06\/Gesamtauswertung-Diakonie.pdf\" target=\"_blank\" rel=\"noopener\"><span style=\"color: #77cc6d;\">(Gesamtergebnis)<\/span><\/a><\/span><\/em><\/strong><\/span><\/li>\n<li><span style=\"font-size: 14pt;\">COP 23 #Erklimadasmal-Event\u00a0<a href=\"http:\/\/www.spritspar-meisterschaft.de\/wp-content\/uploads\/2018\/06\/Gesamtauswertung_Erklimadasmal.pdf\" target=\"_blank\" rel=\"noopener\"><span style=\"color: #77cc6d;\"><em><strong>(Gesamtergebnis)<\/strong><\/em><\/span><\/a><\/span><\/li>\n<li><span style=\"font-size: 14pt;\">Leonardo-da-Vinci Gymnasium <a href=\"https:\/\/www.spritspar-meisterschaft.de\/wp-content\/uploads\/2018\/09\/Gruppenauswertung-Leonardo-da-Vinci.pdf\" target=\"_blank\" rel=\"noopener\"><strong><em>(Gesamtergebnis)<\/em><\/strong><\/a><\/span><\/li>\n<li><span style=\"font-size: 14pt;\">Multiplikatoren Workshop JW Nippes &amp; Klettenberg <a href=\"https:\/\/www.spritspar-meisterschaft.de\/wp-content\/uploads\/2018\/09\/Gruppenauswertung-Multiplikatoren_Workshop_28082018.pdf\" target=\"_blank\" rel=\"noopener\"><em><strong>(Gesamtergebnis)<\/strong><\/em><\/a><\/span><\/li>\n<\/ul>\n<p>&nbsp;<\/p>\n<p><span style=\"color: #77cc6d;\"><strong><span style=\"font-size: 16pt;\">VI Chorweiler<\/span><\/strong><\/span><\/p>\n<ul>\n<li><span style=\"font-size: 14pt;\">Fundus e.V.\u00a0<strong><em><span style=\"color: #77cc6d;\">(Gesamtergebnis)<\/span><\/em><\/strong><\/span><\/li>\n<li><span style=\"font-size: 14pt;\">B\u00fcrgerplattform Stark! Im K\u00f6lner Norden\u00a0<strong><em><span style=\"color: #77cc6d;\">(Gesamtergebnis)<\/span><\/em><\/strong><\/span><\/li>\n<\/ul>\n<p>&nbsp;<\/p>\n<p><span style=\"color: #77cc6d; font-size: 16pt;\"><strong>VII Porz<\/strong><\/span><\/p>\n<ul>\n<li><span style=\"font-size: 14pt;\">Business and Professional Women (BPW)<a href=\"https:\/\/www.spritspar-meisterschaft.de\/wp-content\/uploads\/2018\/09\/Gruppenauswertung_BPW.pdf\" target=\"_blank\" rel=\"noopener\"><em><strong> (Gesamtergebnis)<\/strong><\/em><\/a><\/span><\/li>\n<\/ul>\n<p>&nbsp;<\/p>\n<p><span style=\"color: #77cc6d;\"><strong><span style=\"font-size: 16pt;\">VIII Kalk<\/span><\/strong><\/span><\/p>\n<p>&nbsp;<\/p>\n<p><span style=\"color: #77cc6d;\"><strong><span style=\"font-size: 16pt;\">IX M\u00fclheim<\/span><\/strong><\/span><\/p>\n<ul>\n<li><span style=\"font-size: 14pt;\">Johanniter-Unfall-Hilfe e.V. Regionalverband K\u00f6ln\/Rhein-Erft-Kreis\/Leverkusen\u00a0<a href=\"http:\/\/www.spritspar-meisterschaft.de\/wp-content\/uploads\/2018\/06\/Gesamtauswertung-Johanniter-Unfallhilfe.pdf\" target=\"_blank\" rel=\"noopener\"><span style=\"color: #77cc6d;\"><strong><em>(Gesamtergebnis)<\/em><\/strong><\/span><\/a><\/span><\/li>\n<\/ul>\n","protected":false},"excerpt":{"rendered":"<p>&nbsp; I Innenstadt Randstad Deutschland (Gesamtergebnis) Di\u00f6zesan-Caritasverband f\u00fcr das Erzbistum K\u00f6ln e. V. (Gesamtergebnis) Diakonie gGmbH K\u00f6ln und Region (Stadtbezirk Innenstadt) (Gesamtergebnis) Ordnungsamt der Stadt K\u00f6ln (Gesamtergebnis) TH K\u00f6ln &#8211; University of Applied Sciences \/ Faculty of Architecture (Gesamtergebnis) &nbsp;<\/p>\n","protected":false},"author":2,"featured_media":0,"parent":0,"menu_order":0,"comment_status":"closed","ping_status":"closed","template":"","meta":{"footnotes":""},"class_list":["post-122","page","type-page","status-publish","hentry"],"_links":{"self":[{"href":"https:\/\/www.spritspar-meisterschaft.de\/index.php\/wp-json\/wp\/v2\/pages\/122","targetHints":{"allow":["GET"]}}],"collection":[{"href":"https:\/\/www.spritspar-meisterschaft.de\/index.php\/wp-json\/wp\/v2\/pages"}],"about":[{"href":"https:\/\/www.spritspar-meisterschaft.de\/index.php\/wp-json\/wp\/v2\/types\/page"}],"author":[{"embeddable":true,"href":"https:\/\/www.spritspar-meisterschaft.de\/index.php\/wp-json\/wp\/v2\/users\/2"}],"replies":[{"embeddable":true,"href":"https:\/\/www.spritspar-meisterschaft.de\/index.php\/wp-json\/wp\/v2\/comments?post=122"}],"version-history":[{"count":0,"href":"https:\/\/www.spritspar-meisterschaft.de\/index.php\/wp-json\/wp\/v2\/pages\/122\/revisions"}],"wp:attachment":[{"href":"https:\/\/www.spritspar-meisterschaft.de\/index.php\/wp-json\/wp\/v2\/media?parent=122"}],"curies":[{"name":"wp","href":"https:\/\/api.w.org\/{rel}","templated":true}]}}