{"id":132,"date":"2018-05-19T21:17:41","date_gmt":"2018-05-19T19:17:41","guid":{"rendered":"http:\/\/www.spritspar-meisterschaft.de\/?page_id=132"},"modified":"2018-06-11T10:28:38","modified_gmt":"2018-06-11T08:28:38","slug":"beratungsangebote-und-workshops","status":"publish","type":"page","link":"https:\/\/www.spritspar-meisterschaft.de\/index.php\/beratungsangebote-und-workshops\/","title":{"rendered":"Beratungsangebote und Workshops"},"content":{"rendered":"<p>&nbsp;<\/p>\n<p style=\"text-align: justify;\"><span style=\"font-size: 14pt;\"><span style=\"color: #77cc6d;\"><strong>Beratungen erfolgen individuell<\/strong><\/span> auf die interessierten Unternehmen zugeschnitten und orientieren sich an den ausgef\u00fcllten <a href=\"http:\/\/www.spritspar-meisterschaft.de\/index.php\/daten-und-bedarfserhebungen\/\"><em><span style=\"color: #77cc6d;\"><strong>Frageb\u00f6gen der Bedarfserfassung<\/strong><\/span><\/em>.<\/a> Folgende Themen k\u00f6nnen dabei sowohl als Beratung (KMU) als auch Workshops (Berufskollegs) angesprochen werden:<\/span><\/p>\n<ul style=\"text-align: justify;\">\n<li><span style=\"font-size: 14pt;\">\u00dcberblick zum <span style=\"color: #77cc6d;\"><strong>Ist-Zustand betrieblicher Mobilit\u00e4t<\/strong><\/span>, z.B. Gr\u00f6\u00dfe des Fuhrparks, Mobilit\u00e4tskosten und Potenziale f\u00fcr Optimierung des spezifischen Mobilit\u00e4tsmix.<\/span><\/li>\n<li><span style=\"font-size: 14pt;\"><span style=\"color: #77cc6d;\"><strong>Chancen alternativer Mobilit\u00e4t<\/strong><\/span>, z.B. Lastenfahrrad, (E-)Bikes, \u00d6PNV-Nutzung unter \u00f6konomischen und \u00f6kologischen Aspekten sowie konkrete Ans\u00e4tze f\u00fcr die Betriebspraxis<\/span><\/li>\n<li><span style=\"font-size: 14pt;\"><span style=\"color: #77cc6d;\"><strong>Diskussion und Informationsaustausch<\/strong><\/span> entsprechend der weiteren Bedarfserfassung durch Frageb\u00f6gen<\/span><\/li>\n<li><span style=\"font-size: 14pt;\">Vorschlagswesen zur klimafreundlichen betrieblichen Mobilit\u00e4t<\/span><\/li>\n<li><span style=\"font-size: 14pt;\">Etablierung von Eco Safety-Trainingseinheiten im Azubi-Programm<\/span><\/li>\n<\/ul>\n<p>&nbsp;<\/p>\n<p style=\"text-align: justify;\"><span style=\"font-size: 14pt; color: #77cc6d;\"><strong>Beratung zum Thema \u201eNachhaltige Automobilit\u00e4t\u201c <\/strong><\/span><\/p>\n<p style=\"text-align: justify;\"><span style=\"font-size: 14pt;\">Flottenverantwortliche einzelner Unternehmen werden individuell beraten. Der Schwerpunkt liegt auf gezielten Trainingsma\u00dfnahmen und Verstetigung, um erzielte Einsparungen m\u00f6glichst nachhaltig (langfristig) in den Fahralltag zu integrieren. Die Beratung fu\u00dft auf einer Allegium-eigenen Tool-Box und den spezifischen <span style=\"color: #77cc6d;\"><strong>Erkenntnissen zu Monitoring, Anreizsystemen und Unternehmenskultur<\/strong><\/span>. Ziel ist es, bei den Verantwortlichen ein Verst\u00e4ndnis f\u00fcr eine <span style=\"color: #77cc6d;\"><strong>nachhaltige Mobilit\u00e4tskultur<\/strong> <\/span>und den <span style=\"color: #77cc6d;\"><strong>Dreiklang von \u00d6kologie, \u00d6konomie und Sicherheit<\/strong><\/span> zu schaffen und konkrete Ma\u00dfnahmen in betrieblicher Kommunikation, Unternehmensleitlinien und Schulungen zu verankern.<\/span><\/p>\n<p>&nbsp;<\/p>\n<p style=\"text-align: justify;\"><span style=\"font-size: 14pt; color: #77cc6d;\"><strong>Beratung zum Thema \u201eAlternative Mobilit\u00e4tsformen\u201c <\/strong><\/span><\/p>\n<p style=\"text-align: justify;\"><span style=\"font-size: 14pt;\">Die Beratung zu alternativen Mobilit\u00e4tsformen wird in Kooperation mit dem \u201eKompetenzteam KlimaBildung K\u00f6ln\u201c konzipiert und durchgef\u00fchrt. Inhaltliche Schwerpunkte sind die betriebliche Mobilit\u00e4tspraxis im Waren- und Personentransport sowie die Mitarbeitermobilit\u00e4t von und zur Arbeitsst\u00e4tte bzw. beruflichen Einsatzorten. Auf Basis der Bedarfserhebungen werden dabei Bed\u00fcrfnisse und Erwartungen der Besch\u00e4ftigten sowie des F\u00fchrungspersonals abgeglichen. Durch Aufzeigen klimafreundlicher Mobilit\u00e4tsalternativen mit den Schwerpunkten Fahrrad- und Fu\u00dfverkehr, Car-Sharing und Elektromobilit\u00e4t kann das Mobilit\u00e4ts-Portfolio erg\u00e4nzt werden; \u00a0 gemeinsam lassen sich unternehmensspezifische Zukunftsperspektiven entwickeln \u2013 auch als Grundlage f\u00fcr Klima-relevante Optimierung der betrieblichen Mobilit\u00e4t \u00fcber die Projektlaufzeit hinaus.<\/span><\/p>\n<p style=\"text-align: justify;\"><span style=\"font-size: 14pt;\">Das erfahrene Netzwerk \u201eKompetenzteam KlimaBildung K\u00f6ln\u201c ist dabei als Beratungsgremium sowohl in die inhaltliche, didaktische und fachliche Vorbereitung der Workshops eingebunden, als auch mit ausgew\u00e4hlten Mitgliedern der Kompetenzteam-Einrichtungen an der Durchf\u00fchrung zentraler Workshops beteiligt.<\/span><\/p>\n<p>&nbsp;<\/p>\n<p style=\"text-align: justify;\"><span style=\"font-size: 14pt; color: #77cc6d;\"><strong>Drei optionale Beratungsformen:<\/strong><\/span><\/p>\n<ol>\n<li style=\"text-align: justify;\"><span style=\"font-size: 14pt;\"><span style=\"color: #77cc6d;\"><strong>Individuelle Beratung<\/strong><\/span> der Unternehmensleitung<\/span><\/li>\n<li style=\"text-align: justify;\"><span style=\"font-size: 14pt;\"><span style=\"color: #77cc6d;\"><strong>Workshops<\/strong><\/span> mit Besch\u00e4ftigten verschiedener Unternehmen<\/span><\/li>\n<li style=\"text-align: justify;\"><span style=\"font-size: 14pt;\"><span style=\"color: #77cc6d;\"><strong>Workshops <\/strong><\/span>mit F\u00fchrungspersonal und Besch\u00e4ftigten eines Unternehmens<\/span><\/li>\n<\/ol>\n<p>&nbsp;<\/p>\n<p><a href=\"https:\/\/www.spritspar-meisterschaft.de\/index.php\/daten-und-bedarfserhebungen\/\"><span style=\"color: #77cc6d;\"><em><span style=\"font-size: 14pt;\"><strong>Daten und Bedarfserhebung<\/strong><\/span><\/em><\/span><\/a><\/p>\n<p><a href=\"https:\/\/www.spritspar-meisterschaft.de\/index.php\/bildungsmaterialien-und-praesentationen\/\"><span style=\"color: #77cc6d;\"><em><span style=\"font-size: 14pt;\"><strong>Bildungsmaterialien und Pr\u00e4sentationen<\/strong><\/span><\/em><\/span><\/a><\/p>\n<p><a href=\"https:\/\/www.spritspar-meisterschaft.de\/index.php\/workshops\/\"><span style=\"color: #77cc6d;\"><em><span style=\"font-size: 14pt;\"><strong>Erfahrungsberichte aus dem Workshops<\/strong><\/span><\/em><\/span><\/a><\/p>\n","protected":false},"excerpt":{"rendered":"<p>&nbsp; Beratungen erfolgen individuell auf die interessierten Unternehmen zugeschnitten und orientieren sich an den ausgef\u00fcllten Frageb\u00f6gen der Bedarfserfassung. Folgende Themen k\u00f6nnen dabei sowohl als Beratung (KMU) als auch Workshops (Berufskollegs) angesprochen werden: \u00dcberblick zum Ist-Zustand betrieblicher Mobilit\u00e4t, z.B. Gr\u00f6\u00dfe des<\/p>\n","protected":false},"author":2,"featured_media":0,"parent":0,"menu_order":0,"comment_status":"closed","ping_status":"closed","template":"","meta":{"footnotes":""},"class_list":["post-132","page","type-page","status-publish","hentry"],"_links":{"self":[{"href":"https:\/\/www.spritspar-meisterschaft.de\/index.php\/wp-json\/wp\/v2\/pages\/132","targetHints":{"allow":["GET"]}}],"collection":[{"href":"https:\/\/www.spritspar-meisterschaft.de\/index.php\/wp-json\/wp\/v2\/pages"}],"about":[{"href":"https:\/\/www.spritspar-meisterschaft.de\/index.php\/wp-json\/wp\/v2\/types\/page"}],"author":[{"embeddable":true,"href":"https:\/\/www.spritspar-meisterschaft.de\/index.php\/wp-json\/wp\/v2\/users\/2"}],"replies":[{"embeddable":true,"href":"https:\/\/www.spritspar-meisterschaft.de\/index.php\/wp-json\/wp\/v2\/comments?post=132"}],"version-history":[{"count":0,"href":"https:\/\/www.spritspar-meisterschaft.de\/index.php\/wp-json\/wp\/v2\/pages\/132\/revisions"}],"wp:attachment":[{"href":"https:\/\/www.spritspar-meisterschaft.de\/index.php\/wp-json\/wp\/v2\/media?parent=132"}],"curies":[{"name":"wp","href":"https:\/\/api.w.org\/{rel}","templated":true}]}}