{"id":137,"date":"2018-05-19T21:19:43","date_gmt":"2018-05-19T19:19:43","guid":{"rendered":"http:\/\/www.spritspar-meisterschaft.de\/?page_id=137"},"modified":"2019-03-18T12:22:29","modified_gmt":"2019-03-18T11:22:29","slug":"bildungsmaterialien-und-praesentationen","status":"publish","type":"page","link":"https:\/\/www.spritspar-meisterschaft.de\/index.php\/bildungsmaterialien-und-praesentationen\/","title":{"rendered":"Bildungsmaterialien und Pr\u00e4sentationen"},"content":{"rendered":"<ul style=\"text-align: justify;\">\n<li><strong><span style=\"font-size: 14pt;\">Pr\u00e4sentationen und <\/span><span style=\"font-size: 14pt;\">Ergebnisse aus den Workshops<\/span><\/strong><\/li>\n<\/ul>\n<ul style=\"text-align: justify;\">\n<li><strong><span style=\"font-size: 14pt;\">Klimaschutz-Workshop-Materialien f\u00fcr Berufsschulen und Bildungseinrichtungen<\/span><\/strong>\n<ul>\n<li><a href=\"https:\/\/www.spritspar-meisterschaft.de\/wp-content\/uploads\/2018\/11\/\u00dcbersicht_Mob_Workshop_Bildungseinrichtungen.pdf\" target=\"_blank\" rel=\"noopener noreferrer\">Struktur und Ablaufplan des Workshops<\/a><\/li>\n<li><a href=\"https:\/\/www.spritspar-meisterschaft.de\/wp-content\/uploads\/2019\/03\/Klimaschutz_Workshop-Praesentation.pdf\" target=\"_blank\" rel=\"noopener noreferrer\">Materialien zur Durchf\u00fchrung<\/a><\/li>\n<li><a href=\"https:\/\/www.spritspar-meisterschaft.de\/wp-content\/uploads\/2019\/03\/KSM-Unterrichtsmaterialien.pdf\" target=\"_blank\" rel=\"noopener noreferrer\">Unterrichtsmaterialien zur Vorbereitung<\/a><\/li>\n<\/ul>\n<\/li>\n<\/ul>\n<ul style=\"text-align: justify;\">\n<li><strong><span style=\"font-size: 14pt;\">Downloads zu Nachhaltiger Mobilit\u00e4t in Unternehmen<\/span><\/strong>\n<ul>\n<li><span style=\"font-size: 12pt;\">Tipps f\u00fcr den Klimaalltag (z.B. \u00d6PVN-Nutzung, Fahrrad-Mobilit\u00e4t, Car-Sharing)<\/span><\/li>\n<li><span style=\"font-size: 14pt;\"><span style=\"font-size: 12pt;\">Good Practice \u2013 Beispiele und individuelle L\u00f6sungen<\/span><\/span><\/li>\n<\/ul>\n<\/li>\n<\/ul>\n","protected":false},"excerpt":{"rendered":"<p>Pr\u00e4sentationen und Ergebnisse aus den Workshops Klimaschutz-Workshop-Materialien f\u00fcr Berufsschulen und Bildungseinrichtungen Struktur und Ablaufplan des Workshops Materialien zur Durchf\u00fchrung Unterrichtsmaterialien zur Vorbereitung Downloads zu Nachhaltiger Mobilit\u00e4t in Unternehmen Tipps f\u00fcr den Klimaalltag (z.B. \u00d6PVN-Nutzung, Fahrrad-Mobilit\u00e4t, Car-Sharing) Good Practice \u2013 Beispiele<\/p>\n","protected":false},"author":2,"featured_media":0,"parent":0,"menu_order":0,"comment_status":"closed","ping_status":"closed","template":"","meta":{"footnotes":""},"class_list":["post-137","page","type-page","status-publish","hentry"],"_links":{"self":[{"href":"https:\/\/www.spritspar-meisterschaft.de\/index.php\/wp-json\/wp\/v2\/pages\/137","targetHints":{"allow":["GET"]}}],"collection":[{"href":"https:\/\/www.spritspar-meisterschaft.de\/index.php\/wp-json\/wp\/v2\/pages"}],"about":[{"href":"https:\/\/www.spritspar-meisterschaft.de\/index.php\/wp-json\/wp\/v2\/types\/page"}],"author":[{"embeddable":true,"href":"https:\/\/www.spritspar-meisterschaft.de\/index.php\/wp-json\/wp\/v2\/users\/2"}],"replies":[{"embeddable":true,"href":"https:\/\/www.spritspar-meisterschaft.de\/index.php\/wp-json\/wp\/v2\/comments?post=137"}],"version-history":[{"count":0,"href":"https:\/\/www.spritspar-meisterschaft.de\/index.php\/wp-json\/wp\/v2\/pages\/137\/revisions"}],"wp:attachment":[{"href":"https:\/\/www.spritspar-meisterschaft.de\/index.php\/wp-json\/wp\/v2\/media?parent=137"}],"curies":[{"name":"wp","href":"https:\/\/api.w.org\/{rel}","templated":true}]}}