{"id":150,"date":"2018-05-19T21:26:22","date_gmt":"2018-05-19T19:26:22","guid":{"rendered":"http:\/\/www.spritspar-meisterschaft.de\/?page_id=150"},"modified":"2018-06-10T20:38:29","modified_gmt":"2018-06-10T18:38:29","slug":"workshops","status":"publish","type":"page","link":"https:\/\/www.spritspar-meisterschaft.de\/index.php\/workshops\/","title":{"rendered":"Erfahrungsberichte aus den Workshops"},"content":{"rendered":"<p>&nbsp;<\/p>\n<p style=\"text-align: justify;\"><span style=\"font-size: 14pt; color: #77cc6d;\"><strong>Klimaschutz-Workshop beim Gr\u00fcnfl\u00e4chenamt der Stadt K\u00f6ln<\/strong><\/span><\/p>\n<p style=\"text-align: justify;\"><span style=\"font-size: 14pt;\">Klimaschutz und Fahrsicherheit standen in Theorie und Praxis einen Tag auf dem Ausbildungsplan der neuen Klimaschutz-Botschafter. Dabei konnten \u201egr\u00fcne\u201c st\u00e4dtische Besch\u00e4ftigte ihre Ideen und Fragen einbringen. \u201eIch erhoffe mir, dass die in diesem Workshop erarbeiteten Ideen Eingang in unseren innerbetrieblichen Vorschlagskasten finden\u201c, sagte Werner Becker als Veranstaltungskoordinator des Gr\u00fcnfl\u00e4chenamts.<\/span><\/p>\n<p style=\"text-align: justify;\"><span style=\"font-size: 14pt;\">Besonders beeindruckend war f\u00fcr Teilnehmende die Erkenntnis, wie stark sich schon kleine Ver\u00e4nderungen multiplizieren und so messbare Effekte f\u00fcr den Klimaschutz ergeben. Der Workshop vermittelte, dass 1 Liter Diesel zu 2,65 Kilogramm CO<sub>2<\/sub> verbrennt. Daraus errechnet sich f\u00fcr die Flotte der 250 Fahrzeuge des Gr\u00fcnfl\u00e4chenamtes bis zu 70 Tonnen CO<sub>2 <\/sub>-Ersparnis pro Jahr. Grundlage f\u00fcr diese Rechnung war das zuvor absolvierte Spritspar-Training mit durchschnittlich acht Prozent Einsparung an Kraftstoff und CO<sub>2<\/sub>.<\/span><\/p>\n<p style=\"text-align: justify;\"><span style=\"font-size: 14pt;\">Die zuk\u00fcnftigen Klimaschutz-Botschafter erhielten den Arbeitsauftrag, m\u00f6gliche Herausforderungen und passende L\u00f6sungen f\u00fcr die Umsetzung ihrer Aufgabe zu betrachten. In der Abschlussrunde wurden die Ergebnisse gemeinsam diskutiert. Das junge Team des Gr\u00fcnfl\u00e4chenamts war sich einig, dass ein eigenes Fahrtraining der beste Weg sei, auch f\u00fcr erfahrene Kollegen. Nur so lassen sich Vorurteile abbauen und Ehrgeiz entwickeln, ein echter Spritspar-Meister zu werden. Die Kernbotschaft f\u00fcr alle Kollegen sei daher: \u201eSpritsparen und Klimaschutz kann und muss Spa\u00df machen!\u201c<\/span><\/p>\n<p>&nbsp;<\/p>\n<p style=\"text-align: justify;\"><span style=\"font-size: 12pt;\"><img loading=\"lazy\" decoding=\"async\" class=\"wp-image-813 aligncenter\" style=\"outline: #72777c solid 1px; height: 294px; text-align: left; color: #005500; text-transform: none; text-indent: 0px; letter-spacing: normal; font-size: 18.66px; font-style: normal; font-variant: normal; font-weight: bold; text-decoration: none; word-spacing: 0px; white-space: normal; max-width: 1851px; orphans: 2; -webkit-text-stroke-width: 0px; background-color: transparent;\" src=\"http:\/\/www.spritspar-meisterschaft.de\/wp-content\/uploads\/2018\/06\/Foto_GRFL.jpg\" alt=\"\" width=\"1034\" height=\"1081\" \/><\/span><\/p>\n<p><span style=\"font-size: 8pt;\">Foto:\u00a0\u00a9Allegium GmbH<\/span><\/p>\n","protected":false},"excerpt":{"rendered":"<p>&nbsp; Klimaschutz-Workshop beim Gr\u00fcnfl\u00e4chenamt der Stadt K\u00f6ln Klimaschutz und Fahrsicherheit standen in Theorie und Praxis einen Tag auf dem Ausbildungsplan der neuen Klimaschutz-Botschafter. Dabei konnten \u201egr\u00fcne\u201c st\u00e4dtische Besch\u00e4ftigte ihre Ideen und Fragen einbringen. \u201eIch erhoffe mir, dass die in diesem<\/p>\n","protected":false},"author":2,"featured_media":0,"parent":0,"menu_order":0,"comment_status":"closed","ping_status":"closed","template":"","meta":{"footnotes":""},"class_list":["post-150","page","type-page","status-publish","hentry"],"_links":{"self":[{"href":"https:\/\/www.spritspar-meisterschaft.de\/index.php\/wp-json\/wp\/v2\/pages\/150","targetHints":{"allow":["GET"]}}],"collection":[{"href":"https:\/\/www.spritspar-meisterschaft.de\/index.php\/wp-json\/wp\/v2\/pages"}],"about":[{"href":"https:\/\/www.spritspar-meisterschaft.de\/index.php\/wp-json\/wp\/v2\/types\/page"}],"author":[{"embeddable":true,"href":"https:\/\/www.spritspar-meisterschaft.de\/index.php\/wp-json\/wp\/v2\/users\/2"}],"replies":[{"embeddable":true,"href":"https:\/\/www.spritspar-meisterschaft.de\/index.php\/wp-json\/wp\/v2\/comments?post=150"}],"version-history":[{"count":0,"href":"https:\/\/www.spritspar-meisterschaft.de\/index.php\/wp-json\/wp\/v2\/pages\/150\/revisions"}],"wp:attachment":[{"href":"https:\/\/www.spritspar-meisterschaft.de\/index.php\/wp-json\/wp\/v2\/media?parent=150"}],"curies":[{"name":"wp","href":"https:\/\/api.w.org\/{rel}","templated":true}]}}