{"id":152,"date":"2018-05-19T21:27:20","date_gmt":"2018-05-19T19:27:20","guid":{"rendered":"http:\/\/www.spritspar-meisterschaft.de\/?page_id=152"},"modified":"2019-06-03T12:39:57","modified_gmt":"2019-06-03T10:39:57","slug":"meisterschaften","status":"publish","type":"page","link":"https:\/\/www.spritspar-meisterschaft.de\/index.php\/meisterschaften\/","title":{"rendered":"Bezirks-Meisterschaften"},"content":{"rendered":"<p><span style=\"font-size: 14pt;\"><strong>28.3.2019 Bezirksfinale M\u00fclheim<\/strong><\/span><\/p>\n<p><span style=\"font-size: 14pt;\"><strong>Sandra Schulz<\/strong>\u00a0 aus der Johanniter &#8211; Einsatzeinheit K\u00f6ln-M\u00fclheim ist Bezirksmeisterin in M\u00fclheim. In ihrem Stadtbezirk errang sie mit einem Durchschnittsverbrauch von 5,3 l\/100 km den ersten Platz und wird nun die Johanniter Unfallhilfe im gro\u00dfen Finale vertreten.<\/span><\/p>\n<p><img decoding=\"async\" class=\"details-image\" draggable=\"false\" src=\"https:\/\/www.spritspar-meisterschaft.de\/wp-content\/uploads\/2019\/06\/55575731_1269292716528687_4191307306828300288_n.jpg\" alt=\"\" \/><\/p>\n<p><span style=\"font-size: 14pt;\"><strong>21.11.2018 Bezirksfinale der Stadtbezirke Ehrenfeld und Lindenthal (Pressemitteilung)<\/strong><\/span><br \/>\n<span style=\"font-size: 14pt;\">Am 21.11 wurden die n\u00e4chsten Bezirksmeister der KSM ermittelt. Diesmal traten die Kandidaten der Bezirke Ehrenfeld und Lindenthal gegeneinander an. Die Veranstaltung wurde parallel zum Klimaschutz-Workshop im Autohaus Strunk in Nippes durchgef\u00fchrt. Hier konnten sich <strong>Herr Stefan R\u00f6mer<\/strong> (Bild 1. v. l.) f\u00fcr Lindenthal und <strong>Herr Stefan Dreyer<\/strong> (Bild 1. v. r.) f\u00fcr Ehrenfeld f\u00fcr das gro\u00dfe Finale qualifizieren.<\/span><\/p>\n<p><img loading=\"lazy\" decoding=\"async\" src=\"https:\/\/www.spritspar-meisterschaft.de\/wp-content\/uploads\/2018\/11\/20181121_121119.jpg\" width=\"609\" height=\"296\" \/><\/p>\n<p><span style=\"font-size: 14pt;\">Besonders knapp ging es dabei im Stadtbezirk Lindenthal aus. Zwischen dem Sieger Herrn R\u00f6mer und dem Zweitplatzierten Herrn Sch\u00fcssler (beide Gr\u00fcnfl\u00e4chenamt der Stadt K\u00f6ln) entschied sich der Sieg erst an der dritten Nachkommastelle.<\/span><\/p>\n<p><strong><span style=\"font-size: 14pt;\">13.11.2018 Bezirksfinale der Stadtbezirke Nippes und Innenstadt (Pressemitteilung)<\/span><\/strong><br \/>\n<span style=\"font-size: 14pt;\">Am 13.11 werden die ersten Bezirksmeister der KSM ermittelt. Zun\u00e4chst treten die Kandidaten der Bezirke Nippes und Innenstadt gegeneinander an. Die Veranstaltung wird parallel zum Klimaschutz-Workshop in der Jugendwerkstatt Klettenberg durchgef\u00fchrt. F\u00fcr den Stadtbezirk Nippes wird <strong>Frau Barbara Kosanke<\/strong> (Bild 1. v. l.) und f\u00fcr den Stadtbezirk Innenstadt <strong>Herr Felix Grauer<\/strong> (Bildmitte) in das gro\u00dfe Finale im Kampf um die Krone des\/der K\u00f6lner Spritsparmeisters\/in im n\u00e4chsten Jahr einziehen.<\/span><\/p>\n<p><img loading=\"lazy\" decoding=\"async\" src=\"https:\/\/www.spritspar-meisterschaft.de\/wp-content\/uploads\/2018\/11\/20181113_123041.jpg\" width=\"611\" height=\"297\" \/><\/p>\n","protected":false},"excerpt":{"rendered":"<p>28.3.2019 Bezirksfinale M\u00fclheim Sandra Schulz\u00a0 aus der Johanniter &#8211; Einsatzeinheit K\u00f6ln-M\u00fclheim ist Bezirksmeisterin in M\u00fclheim. In ihrem Stadtbezirk errang sie mit einem Durchschnittsverbrauch von 5,3 l\/100 km den ersten Platz und wird nun die Johanniter Unfallhilfe im gro\u00dfen Finale vertreten.<\/p>\n","protected":false},"author":2,"featured_media":0,"parent":0,"menu_order":0,"comment_status":"closed","ping_status":"closed","template":"","meta":{"footnotes":""},"class_list":["post-152","page","type-page","status-publish","hentry"],"_links":{"self":[{"href":"https:\/\/www.spritspar-meisterschaft.de\/index.php\/wp-json\/wp\/v2\/pages\/152","targetHints":{"allow":["GET"]}}],"collection":[{"href":"https:\/\/www.spritspar-meisterschaft.de\/index.php\/wp-json\/wp\/v2\/pages"}],"about":[{"href":"https:\/\/www.spritspar-meisterschaft.de\/index.php\/wp-json\/wp\/v2\/types\/page"}],"author":[{"embeddable":true,"href":"https:\/\/www.spritspar-meisterschaft.de\/index.php\/wp-json\/wp\/v2\/users\/2"}],"replies":[{"embeddable":true,"href":"https:\/\/www.spritspar-meisterschaft.de\/index.php\/wp-json\/wp\/v2\/comments?post=152"}],"version-history":[{"count":0,"href":"https:\/\/www.spritspar-meisterschaft.de\/index.php\/wp-json\/wp\/v2\/pages\/152\/revisions"}],"wp:attachment":[{"href":"https:\/\/www.spritspar-meisterschaft.de\/index.php\/wp-json\/wp\/v2\/media?parent=152"}],"curies":[{"name":"wp","href":"https:\/\/api.w.org\/{rel}","templated":true}]}}