{"id":185,"date":"2018-05-19T23:52:04","date_gmt":"2018-05-19T21:52:04","guid":{"rendered":"http:\/\/www.spritspar-meisterschaft.de\/?page_id=185"},"modified":"2018-06-20T21:17:59","modified_gmt":"2018-06-20T19:17:59","slug":"impressum","status":"publish","type":"page","link":"https:\/\/www.spritspar-meisterschaft.de\/index.php\/impressum\/","title":{"rendered":"Impressum"},"content":{"rendered":"<p>&nbsp;<\/p>\n<p><span style=\"font-size: 16pt;\"><strong><span style=\"color: #77cc6d;\">Angaben gem\u00e4\u00df \u00a7 5 TMG<\/span><\/strong><\/span><\/p>\n<p>&nbsp;<\/p>\n<p>&nbsp;<\/p>\n<p><img loading=\"lazy\" decoding=\"async\" class=\"alignnone wp-image-350\" src=\"http:\/\/www.spritspar-meisterschaft.de\/wp-content\/uploads\/2018\/05\/Allegium-300x136.png\" alt=\"\" width=\"163\" height=\"74\" srcset=\"https:\/\/www.spritspar-meisterschaft.de\/wp-content\/uploads\/2018\/05\/Allegium-300x136.png 300w, https:\/\/www.spritspar-meisterschaft.de\/wp-content\/uploads\/2018\/05\/Allegium-768x348.png 768w, https:\/\/www.spritspar-meisterschaft.de\/wp-content\/uploads\/2018\/05\/Allegium-1024x465.png 1024w\" sizes=\"auto, (max-width: 163px) 100vw, 163px\" \/><\/p>\n<p><span style=\"color: #77cc6d; font-size: 12pt;\"><strong><span style=\"color: #77cc6d;\">Allegium<\/span> GmbH<\/strong><\/span><\/p>\n<p><span style=\"font-size: 14pt;\">Goltsteinstr. 90<\/span><\/p>\n<p><span style=\"font-size: 14pt;\">D-50968 K\u00f6ln (Cologne)<\/span><\/p>\n<p><span style=\"font-size: 14pt;\">tel:\u00a0\u00a0\u00a0\u00a0\u00a0\u00a0\u00a0\u00a0 +49 (0)\u00a0 221 \/ 356 63 123<\/span><\/p>\n<p><span style=\"font-size: 14pt;\">mob:\u00a0\u00a0\u00a0\u00a0 +49 (0)\u00a0 177 \/ 626 8 343<\/span><\/p>\n<p><a href=\"mailto:eco-driving@gmx.de\"><img loading=\"lazy\" decoding=\"async\" class=\"alignnone size-full wp-image-263\" src=\"http:\/\/www.spritspar-meisterschaft.de\/wp-content\/uploads\/2018\/05\/4_Mail.adresse.wei\u00df.impress.png\" alt=\"\" width=\"212\" height=\"28\" \/><\/a><\/p>\n<p><span style=\"font-size: 14pt;\"><span style=\"background-color: transparent; color: #333333; display: inline; float: none; font-style: normal; font-variant: normal; font-weight: 400; letter-spacing: normal; text-align: left; text-decoration: none; text-indent: 0px; text-transform: none; -webkit-text-stroke-width: 0px; white-space: normal; word-spacing: 0px;\">Vertreten durch\u00a0 <\/span><span style=\"background-color: transparent; color: #333333; display: inline; float: none; font-style: normal; font-variant: normal; font-weight: 400; letter-spacing: normal; text-align: left; text-decoration: none; text-indent: 0px; text-transform: none; -webkit-text-stroke-width: 0px; white-space: normal; word-spacing: 0px;\">Tarek Nazzal (<span style=\"background-color: transparent; color: #333333; display: inline; float: none; font-style: normal; font-variant: normal; font-weight: 400; letter-spacing: normal; text-align: left; text-decoration: none; text-indent: 0px; text-transform: none; -webkit-text-stroke-width: 0px; white-space: normal; word-spacing: 0px;\">Gesch\u00e4ftsf\u00fchrer)<\/span><\/span><\/span><b><\/b><i><\/i><u><\/u><\/p>\n<p><span style=\"font-size: 14pt;\"><strong><span style=\"color: #77cc6d;\">V.i.S.d.P.<\/span><\/strong>: Tarek Nazzal<\/span><\/p>\n<p>&nbsp;<\/p>\n<p><span style=\"color: #77cc6d; font-size: 14pt;\"><strong>Registereintrag:<\/strong><\/span><br \/>\n<span style=\"font-size: 14pt;\"><span style=\"color: #77cc6d;\">Eintragung<\/span> im Handelsregister.<\/span><br \/>\n<span style=\"font-size: 14pt;\">Registergericht:Amtsgericht K\u00f6ln<\/span><br \/>\n<span style=\"font-size: 14pt;\">Registernummer: HRB 77080<\/span><\/p>\n<p>&nbsp;<\/p>\n<p><span style=\"font-size: 14pt;\"><strong><span style=\"color: #77cc6d;\">Umsatzsteuer:<\/span><\/strong><\/span><br \/>\n<span style=\"font-size: 14pt;\">Umsatzsteuer-Identifikationsnummer gem\u00e4\u00df \u00a727 a Umsatzsteuergesetz:<\/span><br \/>\n<span style=\"font-size: 14pt;\">DE 286 236 146<\/span><\/p>\n<p>&nbsp;<\/p>\n<p><span style=\"font-size: 14pt;\"><strong><span style=\"color: #77cc6d;\">Angaben zur Berufshaftpflichtversicherung<\/span><\/strong><\/span><br \/>\n<span style=\"font-size: 14pt;\">Name und Sitz des Versicherers:<\/span><br \/>\n<span style=\"font-size: 14pt;\">Allianz Versicherung<\/span><br \/>\n<span style=\"font-size: 14pt;\">Gladbacher Str. 17-19<\/span><br \/>\n<span style=\"font-size: 14pt;\">50672 K\u00f6ln<\/span><br \/>\n<span style=\"font-size: 14pt;\">Geltungsraum der Versicherung: Deutschland<\/span><\/p>\n<p>&nbsp;<\/p>\n<p><span style=\"color: #77cc6d; font-size: 14pt;\"><strong>Streitschlichtung<\/strong><\/span><br \/>\n<span style=\"font-size: 14pt;\">Wir sind nicht bereit oder verpflichtet, an Streitbeilegungsverfahren vor einer Verbraucherschlichtungsstelle teilzunehmen.<\/span><br \/>\n<span style=\"font-size: 14pt;\">Quelle: Impressum-Generator von anwalt.de<\/span><\/p>\n<p>&nbsp;<\/p>\n<p><strong><span style=\"color: #77cc6d;\"><span style=\"font-size: 14pt;\">Copyright<\/span><\/span><\/strong><\/p>\n<p>Gestaltet mit freundlicher Unterst\u00fctzung<\/p>\n<p>von\u00a0Mila Ramon<\/p>\n<p><a href=\"mailto:milaramon@gmx.de\"><img loading=\"lazy\" decoding=\"async\" class=\"alignnone size-full wp-image-266\" src=\"http:\/\/www.spritspar-meisterschaft.de\/wp-content\/uploads\/2018\/05\/5_Mail.adresse.milaramon.png\" alt=\"\" width=\"158\" height=\"19\" srcset=\"https:\/\/www.spritspar-meisterschaft.de\/wp-content\/uploads\/2018\/05\/5_Mail.adresse.milaramon.png 158w, https:\/\/www.spritspar-meisterschaft.de\/wp-content\/uploads\/2018\/05\/5_Mail.adresse.milaramon-150x19.png 150w\" sizes=\"auto, (max-width: 158px) 100vw, 158px\" \/><\/a><\/p>\n<p>&nbsp;<\/p>\n<p><span style=\"font-size: 14pt;\"><span style=\"color: #77cc6d;\"><strong>Powered by <a title=\"WordPress\" href=\"http:\/\/wordpress.org\/\" target=\"_blank\" rel=\"noopener\"><em>WordPress<\/em><\/a><\/strong><\/span><\/span><\/p>\n<p><span style=\"color: #77cc6d; font-size: 14pt;\"><b> Theme<\/b><\/span><\/p>\n<p><span style=\"font-size: 14pt;\">\u00a9 2018\u00a0<a title=\"Accelerate\" href=\"https:\/\/demo.themegrill.com\/accelerate\/\"><strong>Accelerate<\/strong><\/a> <\/span><span style=\"font-size: 14pt;\">by\u00a0<em><a title=\"ThemeGrill\" href=\"https:\/\/themegrill.com\/themes\/accelerate\" target=\"_blank\" rel=\"designer noopener\">ThemeGrill<\/a><\/em><\/span><\/p>\n<p>&nbsp;<\/p>\n<p><span style=\"color: #77cc6d; font-size: 14pt;\"><strong>Folgende Plug<\/strong><strong>i<\/strong><strong>ns wurden verwendet<\/strong><\/span><\/p>\n<p><strong><span style=\"font-size: 14pt;\"><span style=\"color: #77cc6d;\">Advanced Database Cleaner<\/span> <\/span><\/strong><\/p>\n<p><span style=\"font-size: 14pt;\"><em>Von <\/em><a href=\"https:\/\/sigmaplugin.com\/\"><em>Younes JFR<\/em><\/a><\/span><\/p>\n<p><span style=\"font-size: 14pt;\"><b>\u00a0<\/b><\/span><\/p>\n<p><strong><span style=\"font-size: 14pt; color: #77cc6d;\">Childify Me<\/span><\/strong><\/p>\n<p><span style=\"font-size: 14pt;\"><em><span style=\"color: #444444;\">Von<\/span> <a href=\"https:\/\/github.com\/eri-trabiccolo\">Rocco Aliberti<\/a><\/em><\/span><\/p>\n<p>&nbsp;<\/p>\n<p><strong><span style=\"font-size: 14pt; color: #77cc6d;\">Duplicator<\/span><\/strong><\/p>\n<p><span style=\"font-size: 14pt;\"><span style=\"color: #444444;\"><em>Von <\/em><\/span><a href=\"http:\/\/www.snapcreek.com\/duplicator\/\"><em>Snap Creek<\/em><\/a><\/span><\/p>\n<p>&nbsp;<\/p>\n<p><strong><span style=\"font-size: 14pt; color: #77cc6d;\">Link Checker<\/span><\/strong><\/p>\n<p><span style=\"font-size: 14pt;\"><span style=\"color: #444444;\"><em>Von <\/em><\/span><a href=\"https:\/\/www.marcobeierer.com\"><em>Marco Beierer<\/em><\/a><\/span><\/p>\n<p>&nbsp;<\/p>\n<p><strong><span style=\"font-size: 14pt; color: #77cc6d;\">Really Simple SSL<\/span><\/strong><\/p>\n<p><span style=\"font-size: 14pt;\"><span style=\"color: #444444;\"><em>Von <\/em><\/span><a href=\"https:\/\/really-simple-plugins.com\"><em>Rogier Lankhorst<\/em><\/a><\/span><\/p>\n<p>&nbsp;<\/p>\n<p><strong><span style=\"font-size: 14pt; color: #77cc6d;\">Search &amp; Replace<\/span><\/strong><\/p>\n<p><span style=\"font-size: 14pt;\"><span style=\"color: #444444;\"><em>Von <\/em><\/span><a href=\"http:\/\/inpsyde.com\"><em>Inpsyde GmbH<\/em><\/a><\/span><\/p>\n<p>&nbsp;<\/p>\n<p><span style=\"color: #77cc6d; font-size: 14pt;\"><strong>Statify<\/strong><\/span><\/p>\n<p><span style=\"font-size: 14pt;\">Von <a href=\"https:\/\/pluginkollektiv.org\/\" target=\"_blank\" rel=\"noopener\"><em>pluginkollektiv<\/em><\/a><\/span><\/p>\n<p>&nbsp;<\/p>\n<p><span style=\"color: #77cc6d;\"><strong><span style=\"font-size: 14pt;\">TablePress<\/span><\/strong><\/span><\/p>\n<p><span style=\"font-size: 14pt;\"><span style=\"color: #444444;\"><em>Von <\/em><\/span><a href=\"https:\/\/tobias.baethge.com\/\"><em>Tobias B\u00e4thge<\/em><\/a><\/span><\/p>\n<p>&nbsp;<\/p>\n<p><strong><span style=\"font-size: 14pt; color: #77cc6d;\">Theme Grill Demo Importer<\/span><\/strong><\/p>\n<p><span style=\"font-size: 14pt;\"><em>Von\u00a0<a href=\"http:\/\/www.spritspar-meisterschaft.de\/wp-admin\/plugin-install.php?tab=plugin-information&amp;plugin=themegrill-demo-importer&amp;TB_iframe=true&amp;width=640&amp;height=500\">ThemeGrill Demo Importer<\/a><\/em><\/span><\/p>\n<p>&nbsp;<\/p>\n<p><span style=\"color: #77cc6d; font-size: 14pt;\"><strong>Unite Gallery Lite<\/strong><\/span><\/p>\n<p><span style=\"font-size: 14pt;\">Von<em> <a href=\"http:\/\/unitegallery.net\/\" target=\"_blank\" rel=\"noopener\">Valiano<\/a><\/em><\/span><\/p>\n<p>&nbsp;<\/p>\n<p><strong><span style=\"font-size: 14pt; color: #77cc6d;\">WordPress Importer<\/span><\/strong><\/p>\n<p><span style=\"font-size: 14pt;\"><span style=\"color: #444444;\"><em>Von <\/em><\/span><a href=\"https:\/\/de.wordpress.org\/\"><em>wordpressdotorg<\/em><\/a><\/span><\/p>\n<p>&nbsp;<\/p>\n<p><strong><span style=\"font-size: 14pt; color: #77cc6d;\">WP Edit<\/span><\/strong><\/p>\n<p><em><span style=\"font-size: 14pt;\"><span style=\"color: #444444;\">Von<\/span>\u00a0<\/span><a href=\"https:\/\/wpeditpro.com\/\"><span style=\"font-size: 14pt;\">Josh Lobe<\/span><\/a><\/em><\/p>\n<p>&nbsp;<\/p>\n<h1><strong><span style=\"color: #77cc6d; font-size: 18pt;\">Disclaimer \u2013 rechtliche Hinweise<\/span><\/strong><\/h1>\n<p style=\"text-align: justify;\"><span style=\"font-size: 14pt; color: #77cc6d;\"><strong>1. Haftungsbeschr\u00e4nkung<\/strong><\/span><\/p>\n<p style=\"text-align: justify;\"><span style=\"font-size: 14pt;\">Die Inhalte des Internetauftritts wurden mit gr\u00f6\u00dftm\u00f6glicher Sorgfalt und nach bestem Gewissen erstellt. Dennoch \u00fcbernimmt der Anbieter dieser Webseite keine Gew\u00e4hr f\u00fcr die Aktualit\u00e4t, Vollst\u00e4ndigkeit und Richtigkeit der bereitgestellten Seiten und Inhalte.<\/span><\/p>\n<p style=\"text-align: justify;\"><span style=\"font-size: 14pt;\">Als Diensteanbieter ist der Anbieter dieser Webseite gem\u00e4\u00df \u00a7 7 Abs. 1 TMG f\u00fcr eigene Inhalte und bereitgestellte Informationen auf diesen Seiten nach den allgemeinen Gesetzen verantwortlich; nach den \u00a7\u00a7 8 bis 10 TMG jedoch nicht verpflichtet, die \u00fcbermittelten oder gespeicherten fremden Informationen zu \u00fcberwachen. Eine Entfernung oder Sperrung dieser Inhalte erfolgt umgehend ab dem Zeitpunkt der Kenntnis einer konkreten Rechtsverletzung. Eine Haftung ist erst ab dem Zeitpunkt der Kenntniserlangung m\u00f6glich.<\/span><\/p>\n<p>&nbsp;<\/p>\n<p style=\"text-align: justify;\"><span style=\"font-size: 14pt; color: #77cc6d;\"><strong>2. Externe Links<\/strong><\/span><\/p>\n<p style=\"text-align: justify;\"><span style=\"font-size: 14pt;\">Die Webseite enth\u00e4lt sog. \u201eexterne Links\u201c (Verlinkungen) zu anderen Webseiten, auf deren Inhalt der Anbieter der Webseite keinen Einfluss hat. Aus diesem Grund kann der Anbieter f\u00fcr diese Inhalte auch keine Gew\u00e4hr \u00fcbernehmen.<\/span><br \/>\n<span style=\"font-size: 14pt;\">F\u00fcr die Inhalte und Richtigkeit der bereitgestellten Informationen ist der jeweilige Anbieter der verlinkten Webseite verantwortlich. Zum Zeitpunkt der Verlinkung waren keine Rechtsverst\u00f6\u00dfe erkennbar. Bei Bekanntwerden einer solchen Rechtsverletzung wird der Link umgehend entfernen.<\/span><\/p>\n<p>&nbsp;<\/p>\n<p style=\"text-align: justify;\"><span style=\"font-size: 14pt; color: #77cc6d;\"><strong>3. Urheberrecht\/Leistungsschutzrecht<\/strong><\/span><\/p>\n<p style=\"text-align: justify;\"><span style=\"font-size: 14pt;\">Die auf dieser Webseite ver\u00f6ffentlichten Inhalte, Werke und bereitgestellten Informationen unterliegen dem deutschen Urheberrecht und Leistungsschutzrecht. Jede Art der Vervielf\u00e4ltigung, Bearbeitung, Verbreitung, Einspeicherung und jede Art der Verwertung au\u00dferhalb der Grenzen des Urheberrechts bedarf der vorherigen schriftlichen Zustimmung des jeweiligen Rechteinhabers. Das unerlaubte Kopieren\/Speichern der bereitgestellten Informationen auf diesen Webseiten ist nicht gestattet und strafbar.<\/span><\/p>\n<p>&nbsp;<\/p>\n<p style=\"text-align: justify;\"><span style=\"font-size: 14pt; color: #77cc6d;\"><strong>4. <span style=\"color: #77cc6d;\">Datenschutz<\/span><\/strong><\/span><\/p>\n<p style=\"text-align: justify;\"><span style=\"font-size: 14pt;\">Durch den Besuch des Internetauftritts k\u00f6nnen Informationen (Datum, Uhrzeit, aufgerufene Seite) \u00fcber den Zugriff auf dem Server gespeichert werden. Es werden keine personenbezogenenen (z. B. Name, Anschrift oder E-Mail-Adresse) Daten, gespeichert.<\/span><\/p>\n<p style=\"text-align: justify;\"><span style=\"font-size: 14pt;\">Sofern personenbezogene Daten erhoben werden, erfolgt dies, sofern m\u00f6glich, nur mit dem vorherigen Einverst\u00e4ndnis des Nutzers der Webseite. Eine Weitergabe der Daten an Dritte findet ohne ausdr\u00fcckliche Zustimmung des Nutzers nicht statt.<\/span><\/p>\n<p style=\"text-align: justify;\"><span style=\"font-size: 14pt;\">Der Anbieter weist darauf hin, dass die \u00dcbertragung von Daten im Internet (z. B. per E-Mail) Sicherheitsl\u00fccken aufweisen und ein l\u00fcckenloser Schutz der Daten vor dem Zugriff Dritter nicht gew\u00e4hrleistet werden kann. Der Anbieter \u00fcbernimmt keine Haftung f\u00fcr die durch solche Sicherheitsl\u00fccken entstandenen Sch\u00e4den.<\/span><\/p>\n<p style=\"text-align: justify;\"><span style=\"font-size: 14pt;\">Der Verwendung der Kontaktdaten durch Dritte zur gewerblichen Nutzung wird ausdr\u00fccklich widersprochen. Es sei denn, der Anbieter hat zuvor seine schriftliche Einwilligung erteilt.<\/span><br \/>\n<span style=\"font-size: 14pt;\">Der Anbieter beh\u00e4lt sich rechtliche Schritte f\u00fcr den Fall der unverlangten Zusendung von Werbeinformationen, z. B. durch Spam-Mails, vor. <a href=\"https:\/\/www.spritspar-meisterschaft.de\/index.php\/datenschutzerklaerung\/\"><em><span style=\"color: #77cc6d;\">Hier geht es zu unserer Datenschutzerkl\u00e4rung<\/span><\/em><\/a>.<\/span><\/p>\n<p style=\"text-align: justify;\"><strong><span style=\"font-size: 14pt; color: #77cc6d;\"><span style=\"font-size: 12pt;\">Quelle: <\/span><a style=\"color: #77cc6d;\" href=\"http:\/\/www.mustervorlage.net\/disclaimer-muster\/\"><em><span style=\"font-size: 12pt;\">Muster Disclaimer<\/span><\/em><\/a><\/span><\/strong><\/p>\n","protected":false},"excerpt":{"rendered":"<p>&nbsp; Angaben gem\u00e4\u00df \u00a7 5 TMG &nbsp; &nbsp; Allegium GmbH Goltsteinstr. 90 D-50968 K\u00f6ln (Cologne) tel:\u00a0\u00a0\u00a0\u00a0\u00a0\u00a0\u00a0\u00a0 +49 (0)\u00a0 221 \/ 356 63 123 mob:\u00a0\u00a0\u00a0\u00a0 +49 (0)\u00a0 177 \/ 626 8 343 Vertreten durch\u00a0 Tarek Nazzal (Gesch\u00e4ftsf\u00fchrer) V.i.S.d.P.: Tarek Nazzal &nbsp;<\/p>\n","protected":false},"author":2,"featured_media":0,"parent":0,"menu_order":0,"comment_status":"closed","ping_status":"closed","template":"","meta":{"footnotes":""},"class_list":["post-185","page","type-page","status-publish","hentry"],"_links":{"self":[{"href":"https:\/\/www.spritspar-meisterschaft.de\/index.php\/wp-json\/wp\/v2\/pages\/185","targetHints":{"allow":["GET"]}}],"collection":[{"href":"https:\/\/www.spritspar-meisterschaft.de\/index.php\/wp-json\/wp\/v2\/pages"}],"about":[{"href":"https:\/\/www.spritspar-meisterschaft.de\/index.php\/wp-json\/wp\/v2\/types\/page"}],"author":[{"embeddable":true,"href":"https:\/\/www.spritspar-meisterschaft.de\/index.php\/wp-json\/wp\/v2\/users\/2"}],"replies":[{"embeddable":true,"href":"https:\/\/www.spritspar-meisterschaft.de\/index.php\/wp-json\/wp\/v2\/comments?post=185"}],"version-history":[{"count":0,"href":"https:\/\/www.spritspar-meisterschaft.de\/index.php\/wp-json\/wp\/v2\/pages\/185\/revisions"}],"wp:attachment":[{"href":"https:\/\/www.spritspar-meisterschaft.de\/index.php\/wp-json\/wp\/v2\/media?parent=185"}],"curies":[{"name":"wp","href":"https:\/\/api.w.org\/{rel}","templated":true}]}}