{"id":2,"date":"2018-05-17T21:17:59","date_gmt":"2018-05-17T19:17:59","guid":{"rendered":"http:\/\/www.spritspar-meisterschaft.de\/?page_id=2"},"modified":"2018-06-07T15:00:51","modified_gmt":"2018-06-07T13:00:51","slug":"beispiel-seite","status":"publish","type":"page","link":"https:\/\/www.spritspar-meisterschaft.de\/index.php\/beispiel-seite\/","title":{"rendered":"\u00dcber Allegium"},"content":{"rendered":"<p>&nbsp;<\/p>\n<p><span style=\"font-size: 14pt;\">2012 gr\u00fcndete sich die Allegium GmbH, um die Expertise ihrer Gesellschafter zu einem Gesamtkonzept \u201eNachhaltige Mobilit\u00e4t\u201c zu b\u00fcndeln und Synergieeffekte zu erschlie\u00dfen. Neben vielen Kooperationen besteht eine langj\u00e4hrige Zusammenarbeit mit der Ford-Werke GmbH und dem Deutschen Verkehrssicherheitsrat e.V. bei der Entwicklung und Evaluation von Spritspar- und Fahrsicherheitsprogrammen.<\/span><\/p>\n<blockquote><p><span style=\"font-size: 14pt;\">Unterst\u00fctzt durch Ford wurde das Projekt \u201eK\u00f6lner Spritspar-Meisterschaft\u201c zur F\u00f6rderung beim KlimaKreis K\u00f6ln eingereicht und wird durch diesen \u00fcber die Gesamtlaufzeit gef\u00f6rdert. In die Konzeption flossen Erkenntnisse aus zahlreichen Spritspar-Trainings und Wettbewerben, unter anderem mit Besch\u00e4ftigten der REWE Group West im Herbst 2014 ein. Darauf aufbauend spricht die K\u00f6lner-Spritspar-Meisterschaft (\u201eKSM\u201c) nun prim\u00e4r kleine und mittlere Unternehmen (\u201eKMU\u201c) sowie Berufskollegs an, erweitert um zus\u00e4tzliche Beratungs- und Bildungsangebote. Als Projekt-Partner wurden Natur &amp; Kultur sowie das Kompetenzteam KlimaBildung K\u00f6ln gewonnen, um durch Ihre Expertise in den Bereichen Bildung und nicht-automobile Mobilit\u00e4t\u201c den ganzheitlichen Ansatz von \u201eNachhaltiger Mobilit\u00e4t\u201c abzurunden.<\/span><\/p><\/blockquote>\n<p>&nbsp;<\/p>\n<blockquote><p>&nbsp;<\/p><\/blockquote>\n<p>&nbsp;<\/p>\n","protected":false},"excerpt":{"rendered":"<p>&nbsp; 2012 gr\u00fcndete sich die Allegium GmbH, um die Expertise ihrer Gesellschafter zu einem Gesamtkonzept \u201eNachhaltige Mobilit\u00e4t\u201c zu b\u00fcndeln und Synergieeffekte zu erschlie\u00dfen. Neben vielen Kooperationen besteht eine langj\u00e4hrige Zusammenarbeit mit der Ford-Werke GmbH und dem Deutschen Verkehrssicherheitsrat e.V. bei<\/p>\n","protected":false},"author":2,"featured_media":0,"parent":0,"menu_order":0,"comment_status":"closed","ping_status":"open","template":"","meta":{"footnotes":""},"class_list":["post-2","page","type-page","status-publish","hentry"],"_links":{"self":[{"href":"https:\/\/www.spritspar-meisterschaft.de\/index.php\/wp-json\/wp\/v2\/pages\/2","targetHints":{"allow":["GET"]}}],"collection":[{"href":"https:\/\/www.spritspar-meisterschaft.de\/index.php\/wp-json\/wp\/v2\/pages"}],"about":[{"href":"https:\/\/www.spritspar-meisterschaft.de\/index.php\/wp-json\/wp\/v2\/types\/page"}],"author":[{"embeddable":true,"href":"https:\/\/www.spritspar-meisterschaft.de\/index.php\/wp-json\/wp\/v2\/users\/2"}],"replies":[{"embeddable":true,"href":"https:\/\/www.spritspar-meisterschaft.de\/index.php\/wp-json\/wp\/v2\/comments?post=2"}],"version-history":[{"count":0,"href":"https:\/\/www.spritspar-meisterschaft.de\/index.php\/wp-json\/wp\/v2\/pages\/2\/revisions"}],"wp:attachment":[{"href":"https:\/\/www.spritspar-meisterschaft.de\/index.php\/wp-json\/wp\/v2\/media?parent=2"}],"curies":[{"name":"wp","href":"https:\/\/api.w.org\/{rel}","templated":true}]}}