{"id":454,"date":"2018-05-21T16:31:29","date_gmt":"2018-05-21T14:31:29","guid":{"rendered":"http:\/\/www.spritspar-meisterschaft.de\/?page_id=454"},"modified":"2018-06-11T11:37:47","modified_gmt":"2018-06-11T09:37:47","slug":"kooperationspartner-1","status":"publish","type":"page","link":"https:\/\/www.spritspar-meisterschaft.de\/index.php\/kooperationspartner-1\/","title":{"rendered":"Kooperationspartner"},"content":{"rendered":"<p>&nbsp;<\/p>\n<p><span style=\"font-size: 14pt;\">Folgende Unternehmen, Institutionen bzw. Gremien sind Kooperationspartner oder Sponsoren:<\/span><\/p>\n<p>&nbsp;<\/p>\n\n<table id=\"tablepress-4\" class=\"tablepress tablepress-id-4\">\n<tbody class=\"row-striping row-hover\">\n<tr class=\"row-1\">\n\t<td class=\"column-1\"><strong>Ford-Werke GmbH<br \/>\n<br \/>\n<br \/>\n<br \/>\n<br \/>\n<br \/>\n<\/strong><\/td><td class=\"column-2\"><img loading=\"lazy\" decoding=\"async\" src=\"http:\/\/www.spritspar-meisterschaft.de\/wp-content\/uploads\/2018\/06\/Logo.Ford_Tabelle.2.jpg\" alt=\"\" width=\"216\" height=\"81\" class=\"alignnone size-full wp-image-1026\"\/><\/td><td class=\"column-3\"><strong>Mobilit\u00e4tspartner<br \/>\n<\/strong><\/td>\n<\/tr>\n<tr class=\"row-2\">\n\t<td class=\"column-1\"><strong>Kompetenzteam KlimaBildung K\u00f6ln<\/strong><\/td><td class=\"column-2\"><img loading=\"lazy\" decoding=\"async\" src=\"http:\/\/www.spritspar-meisterschaft.de\/wp-content\/uploads\/2018\/06\/Logo.KlimaBildungKoeln_Tabelle.2-e1528536827501.jpg\" alt=\"\" width=\"116\" height=\"116\" class=\"alignnone size-full wp-image-1028\" \/><\/td><td class=\"column-3\"><strong>Beratendes Fachgremium <br \/>\nzum Gesamtspektrum nachhaltiger Mobilit\u00e4t<\/strong><\/td>\n<\/tr>\n<tr class=\"row-3\">\n\t<td class=\"column-1\"><strong>KlimaKreis K\u00f6ln<\/strong><\/td><td class=\"column-2\"><img loading=\"lazy\" decoding=\"async\" src=\"http:\/\/www.spritspar-meisterschaft.de\/wp-content\/uploads\/2018\/05\/KlimaKreis-K\u00f6ln-LOGO-4c-e1528537357846.png\" alt=\"\" width=\"166\" height=\"116\" class=\"alignnone size-full wp-image-364\" \/><\/td><td class=\"column-3\"><strong>Institutionen \u00fcbergreifendes Fachgremium, <br \/>\ndas der Projektf\u00f6rderung der K\u00f6lner Spritspar-Meisterschaft <br \/>\naus Mittel der RheinEnergie AG zugestimmt hat<\/strong><\/td>\n<\/tr>\n<tr class=\"row-4\">\n\t<td class=\"column-1\"><strong>RheinEnergie<\/strong><\/td><td class=\"column-2\"><img loading=\"lazy\" decoding=\"async\" src=\"http:\/\/www.spritspar-meisterschaft.de\/wp-content\/uploads\/2018\/05\/RheinEnergie-4C-e1528537436782.png\" alt=\"\" width=\"214\" height=\"116\" class=\"alignnone size-full wp-image-367\" \/><\/td><td class=\"column-3\"> <strong>Kommunaler Energieversorger, der einen F\u00f6rderpool f\u00fcr<br \/>\nKlimaschutz-Projekte in der Region K\u00f6ln aufgelegt und den <br \/>\nKlimaKreisK\u00f6ln zur unabh\u00e4ngigen Vergabe gegr\u00fcndet hat<\/strong><\/td>\n<\/tr>\n<tr class=\"row-5\">\n\t<td class=\"column-1\"><strong>Stadt K\u00f6ln<\/strong><\/td><td class=\"column-2\"><img loading=\"lazy\" decoding=\"async\" src=\"http:\/\/www.spritspar-meisterschaft.de\/wp-content\/uploads\/2018\/05\/STK_Dom_transp_cmyk_mac-e1528537687563.png\" alt=\"\" width=\"216\" height=\"48\" class=\"alignnone size-full wp-image-366\" \/><\/td><td class=\"column-3\"><strong>Kommunikationspartner zur Unterst\u00fctzung<br \/>\nder \u00d6ffentlichkeitsarbeit <\/strong><\/td>\n<\/tr>\n<tr class=\"row-6\">\n\t<td class=\"column-1\"> <strong>Deutscher <br \/>\nVerkehrssicherheitsrat<\/strong><\/td><td class=\"column-2\"><img loading=\"lazy\" decoding=\"async\" src=\"http:\/\/www.spritspar-meisterschaft.de\/wp-content\/uploads\/2018\/05\/DVR-LOGO-4c_2009-e1528537826111.png\" alt=\"\" width=\"116\" height=\"128\" class=\"alignnone size-full wp-image-365\" \/><\/td><td class=\"column-3\"><strong>Qualit\u00e4tssicherung der Eco Safety Trainings<br \/>\nUnterst\u00fctzung und Know-How-Transfer beim Thema<br \/>\nVerkehrssicherheit<\/strong><\/td>\n<\/tr>\n<\/tbody>\n<\/table>\n<!-- #tablepress-4 from cache -->\n","protected":false},"excerpt":{"rendered":"<p>&nbsp; Folgende Unternehmen, Institutionen bzw. Gremien sind Kooperationspartner oder Sponsoren: &nbsp;<\/p>\n","protected":false},"author":2,"featured_media":0,"parent":0,"menu_order":0,"comment_status":"closed","ping_status":"closed","template":"","meta":{"footnotes":""},"class_list":["post-454","page","type-page","status-publish","hentry"],"_links":{"self":[{"href":"https:\/\/www.spritspar-meisterschaft.de\/index.php\/wp-json\/wp\/v2\/pages\/454","targetHints":{"allow":["GET"]}}],"collection":[{"href":"https:\/\/www.spritspar-meisterschaft.de\/index.php\/wp-json\/wp\/v2\/pages"}],"about":[{"href":"https:\/\/www.spritspar-meisterschaft.de\/index.php\/wp-json\/wp\/v2\/types\/page"}],"author":[{"embeddable":true,"href":"https:\/\/www.spritspar-meisterschaft.de\/index.php\/wp-json\/wp\/v2\/users\/2"}],"replies":[{"embeddable":true,"href":"https:\/\/www.spritspar-meisterschaft.de\/index.php\/wp-json\/wp\/v2\/comments?post=454"}],"version-history":[{"count":0,"href":"https:\/\/www.spritspar-meisterschaft.de\/index.php\/wp-json\/wp\/v2\/pages\/454\/revisions"}],"wp:attachment":[{"href":"https:\/\/www.spritspar-meisterschaft.de\/index.php\/wp-json\/wp\/v2\/media?parent=454"}],"curies":[{"name":"wp","href":"https:\/\/api.w.org\/{rel}","templated":true}]}}