{"id":696,"date":"2018-06-06T15:49:03","date_gmt":"2018-06-06T13:49:03","guid":{"rendered":"http:\/\/www.spritspar-meisterschaft.de\/?page_id=696"},"modified":"2019-08-04T14:02:55","modified_gmt":"2019-08-04T12:02:55","slug":"presseberichte","status":"publish","type":"page","link":"https:\/\/www.spritspar-meisterschaft.de\/index.php\/presseberichte\/","title":{"rendered":"Presseberichte"},"content":{"rendered":"<p><strong><span style=\"font-size: 14pt;\">KSM @Mobilit\u00e4tswochen IHK K\u00f6ln<\/span><\/strong><\/p>\n<ul>\n<li><strong><em><span style=\"font-size: 14pt;\"><a href=\"https:\/\/www.ihkplus.de\/Mal_ganz_in_Ruhe_testen.AxCMS\" target=\"_blank\" rel=\"noopener noreferrer\">IHK Plus 07\/2019<\/a><\/span><\/em><\/strong><\/li>\n<\/ul>\n<p><strong><span style=\"font-size: 14pt;\">Klimaschutz-Workshops und Bezirksfinale<\/span><\/strong><\/p>\n<ul>\n<li><strong><a href=\"https:\/\/www.focus.de\/presseportal\/koelner-spritspar-meisterschaft-bezirksfinalrunde-und-klimaschutz-workshops_id_9964491.html\" target=\"_blank\" rel=\"noopener noreferrer\"><span style=\"font-size: 14pt;\"><em>23.11.2018 Focus Online<\/em><\/span><\/a><\/strong><\/li>\n<li><em><strong><a href=\"https:\/\/pressemitteilungen.sueddeutsche.de\/?4124142-ford-werke-gmbh\" target=\"_blank\" rel=\"noopener noreferrer\"><span style=\"font-size: 14pt;\">23.11.2018 S\u00fcddeutsche Zeitung<\/span><\/a><\/strong><\/em><\/li>\n<li><em><strong><a href=\"http:\/\/motorzeitung.de\/news.php?newsid=538228\" target=\"_blank\" rel=\"noopener noreferrer\"><span style=\"font-size: 14pt;\">23.11.2018 Motorzeitung.de<\/span><\/a><\/strong><\/em><\/li>\n<\/ul>\n<p><span style=\"font-size: 14pt;\"><strong>KSM@ Caritas K\u00f6ln<\/strong><\/span><\/p>\n<ul>\n<li><a href=\"https:\/\/www.spritspar-meisterschaft.de\/wp-content\/uploads\/2018\/11\/Newsletter-Caritas.jpg\" target=\"_blank\" rel=\"noopener noreferrer\"><span style=\"font-size: 14pt;\"><em><strong>30.10.2018 Caritas Newsletter<\/strong><\/em><\/span><\/a><\/li>\n<\/ul>\n<p><span style=\"color: #444444; font-family: georgia, palatino, serif;\"><strong><span style=\"font-size: 14pt;\">KSM@ Klimastrassenfest Nippes<\/span><\/strong><\/span><\/p>\n<ul>\n<li><span style=\"font-family: georgia, palatino, serif;\"><em><span style=\"font-size: 14pt;\"><strong><a href=\"https:\/\/www.ksta.de\/koeln\/neusser-strasse-wie-klimaschutz-im-alltag-funktioniert-31213116\" target=\"_blank\" rel=\"noopener noreferrer\">04.09.18 K\u00f6lner Stadtanzeiger &#8211; Wie Klimaschutz im Alltag funktioniert<\/a><\/strong><\/span><\/em><\/span><\/li>\n<\/ul>\n<p><span style=\"font-size: 14pt;\"><strong>Jean P\u00fctz Event zur KSM Zwischenbilanz<\/strong><\/span><\/p>\n<ul>\n<li><a href=\"https:\/\/www.spritspar-meisterschaft.de\/wp-content\/uploads\/2019\/08\/Ford-Report-Aug2018.jpg\" target=\"_blank\" rel=\"noopener noreferrer\"><span style=\"font-size: 14pt;\"><strong><em>Ford Report August 2018<\/em><\/strong><\/span><\/a><\/li>\n<li><a href=\"https:\/\/www.finanznachrichten.de\/nachrichten-2018-06\/44064357-jean-puetz-schirmherr-der-koelner-spritspar-meisterschaft-007.htm\" target=\"_blank\" rel=\"noopener noreferrer\"><em><span style=\"font-size: 14pt;\"><strong>finanznachrichten.de<\/strong><\/span><\/em><\/a><\/li>\n<\/ul>\n<p><span style=\"font-family: georgia, palatino, serif; color: #444444;\"><strong><span style=\"font-size: 14pt;\">#Erklimadasmal KSM c\/o COP 23 Weltklimakonferenz<\/span><\/strong><\/span><\/p>\n<ul>\n<li class=\"dm_article_headline\"><span style=\"font-size: 14pt; font-family: georgia, palatino, serif;\"><em><strong><a href=\"https:\/\/www.ksta.de\/ratgeber\/finanzen\/geld\/ausprobiert-sechs-tipps--die-beim-autofahren-sprit-sparen-28877836\"><span style=\"font-size: 14pt;\">24.11.17 <\/span><span style=\"font-size: 14pt;\">K\u00f6lner Stadtanzeiger &#8211; Ausprobiert &#8211; Sechs Tipps, die beim Autofahren Sprit sparen<\/span><\/a><\/strong><\/em><\/span><\/li>\n<li><span style=\"font-size: 14pt; font-family: georgia, palatino, serif;\"><em><strong><a href=\"https:\/\/www.mopo.de\/news\/politik-wirtschaft\/geld\/ausprobiert-sechs-tipps--die-beim-autofahren-sprit-sparen-28947882\">24.11.17 Mopo &#8211;\u00a0Ausprobiert &#8211; Sechs Tipps, die beim Autofahren Sprit sparen<\/a><\/strong><\/em><\/span><\/li>\n<li><span style=\"font-size: 14pt; font-family: georgia, palatino, serif;\"><em><strong><a href=\"https:\/\/www.mz-web.de\/wirtschaft\/finanzen\/geld\/ausprobiert-sechs-tipps--die-beim-autofahren-sprit-sparen-28877836\">24.11.17 Mitteldeutsche Zeitung &#8211; Ausprobiert &#8211; Sechs Tipps, die beim Autofahren Sprit sparen<\/a><\/strong><\/em><\/span><\/li>\n<li><span style=\"font-size: 14pt; font-family: georgia, palatino, serif;\"><em><strong><a href=\"https:\/\/www.rundschau-online.de\/ratgeber\/finanzen\/geld\/ausprobiert-sechs-tipps--die-beim-autofahren-sprit-sparen-28877836\">24.11.17 K\u00f6lnische Rundschau &#8211; Ausprobiert &#8211; Sechs Tipps, die beim Autofahren Sprit sparen<\/a><\/strong><\/em><\/span><\/li>\n<\/ul>\n<p><span style=\"font-size: 14pt; color: #444444; font-family: georgia, palatino, serif;\"><strong>Medien Auftakt der K\u00f6lner Spritspar-Meisterschaft bei der Stadt K\u00f6ln<\/strong><\/span><\/p>\n<ul>\n<li><span style=\"font-size: 14pt; font-family: georgia, palatino, serif;\"><em><strong><a href=\"http:\/\/www.spritspar-meisterschaft.de\/wp-content\/uploads\/2018\/06\/April-2016-StadtIntern-Spritsparmeisterschaft.pdf\" target=\"_blank\" rel=\"noopener noreferrer\">April 2016 StadtIntern<\/a><\/strong><\/em><\/span><\/li>\n<li><span style=\"font-family: georgia, palatino, serif;\"><a href=\"https:\/\/www.spritspar-meisterschaft.de\/wp-content\/uploads\/2018\/09\/160330_KoelnerWochenspiegel.pdf\"><span style=\"font-size: 14pt;\"><em><strong>30.03.2016 K\u00f6lner Wochenspiegel<\/strong><\/em><\/span><\/a><\/span><\/li>\n<li><span style=\"font-family: georgia, palatino, serif;\"><a href=\"https:\/\/www.spritspar-meisterschaft.de\/wp-content\/uploads\/2018\/06\/160316_SpritSparMeisterschaft_Rundschau_Gewinner.pdf\"><em><strong><span style=\"font-size: 14pt;\">16.03.2016 K\u00f6lnische Rundschau<\/span><\/strong><\/em><\/a><\/span><\/li>\n<\/ul>\n<p><span style=\"font-family: georgia, palatino, serif;\"><em><a href=\"https:\/\/www.spritspar-meisterschaft.de\/index.php\/pressemitteilungen\/\"><strong><span style=\"font-size: 14pt;\">Pressemitteilungen<\/span><\/strong><\/a><\/em><\/span><\/p>\n<p><span style=\"font-family: georgia, palatino, serif;\"><em><a href=\"https:\/\/www.spritspar-meisterschaft.de\/index.php\/bildergalerie\/\"><span style=\"font-size: 14pt;\"><strong>Bildergalerien<\/strong><\/span><\/a><\/em><\/span><\/p>\n","protected":false},"excerpt":{"rendered":"<p>KSM @Mobilit\u00e4tswochen IHK K\u00f6ln IHK Plus 07\/2019 Klimaschutz-Workshops und Bezirksfinale 23.11.2018 Focus Online 23.11.2018 S\u00fcddeutsche Zeitung 23.11.2018 Motorzeitung.de KSM@ Caritas K\u00f6ln 30.10.2018 Caritas Newsletter KSM@ Klimastrassenfest Nippes 04.09.18 K\u00f6lner Stadtanzeiger &#8211; Wie Klimaschutz im Alltag funktioniert Jean P\u00fctz Event zur<\/p>\n","protected":false},"author":2,"featured_media":0,"parent":0,"menu_order":0,"comment_status":"closed","ping_status":"closed","template":"","meta":{"footnotes":""},"class_list":["post-696","page","type-page","status-publish","hentry"],"_links":{"self":[{"href":"https:\/\/www.spritspar-meisterschaft.de\/index.php\/wp-json\/wp\/v2\/pages\/696","targetHints":{"allow":["GET"]}}],"collection":[{"href":"https:\/\/www.spritspar-meisterschaft.de\/index.php\/wp-json\/wp\/v2\/pages"}],"about":[{"href":"https:\/\/www.spritspar-meisterschaft.de\/index.php\/wp-json\/wp\/v2\/types\/page"}],"author":[{"embeddable":true,"href":"https:\/\/www.spritspar-meisterschaft.de\/index.php\/wp-json\/wp\/v2\/users\/2"}],"replies":[{"embeddable":true,"href":"https:\/\/www.spritspar-meisterschaft.de\/index.php\/wp-json\/wp\/v2\/comments?post=696"}],"version-history":[{"count":0,"href":"https:\/\/www.spritspar-meisterschaft.de\/index.php\/wp-json\/wp\/v2\/pages\/696\/revisions"}],"wp:attachment":[{"href":"https:\/\/www.spritspar-meisterschaft.de\/index.php\/wp-json\/wp\/v2\/media?parent=696"}],"curies":[{"name":"wp","href":"https:\/\/api.w.org\/{rel}","templated":true}]}}