{"id":704,"date":"2018-06-06T16:00:25","date_gmt":"2018-06-06T14:00:25","guid":{"rendered":"http:\/\/www.spritspar-meisterschaft.de\/?page_id=704"},"modified":"2018-06-11T10:30:41","modified_gmt":"2018-06-11T08:30:41","slug":"ziele","status":"publish","type":"page","link":"https:\/\/www.spritspar-meisterschaft.de\/index.php\/ziele\/","title":{"rendered":"Ziele"},"content":{"rendered":"<p>&nbsp;<\/p>\n<p style=\"text-align: justify;\"><span style=\"font-size: 14pt;\">Klimaschonender, kosteng\u00fcnstiger, entspannter und sicherer unterwegs: Das ist die Kurzformel f\u00fcr nachhaltige Mobilit\u00e4t. Das Ma\u00dfnahmenpaket zur K\u00f6lner Spritspar-Meisterschaft zeigt, wie der Dreiklang von \u00d6kologie, \u00d6konomie und Sozialem im Alltag gelebt werden kann. Die F\u00f6rderung einer nachhaltigen Mobilit\u00e4tskultur in Unternehmen und Organisationen soll alle Ebenen erfassen \u2013 von Azubis \u00fcber die Besch\u00e4ftigten bis zur F\u00fchrungsebene. Durch Dialog und Erfahrungsaustausch wird die Idee nachhaltiger Mobilit\u00e4t geweckt und strahlt \u00fcber das Berufliche in das private Umfeld aus. Der KSM-Baukasten enth\u00e4lt unterschiedliche Angebote zu nachhaltiger Mobilit\u00e4t.<\/span><br \/>\n<span style=\"font-size: 14pt;\">Neben Klimaschutz durch Reduktion von Treibhausgasemissionen ist es Ziel der K\u00f6lner Spritspar-Meisterschaft, Sicherheit im Stra\u00dfenverkehr zu erh\u00f6hen und Stress beim Autofahren abzubauen. Die F\u00f6rderung nachhaltiger Mobilit\u00e4t in kleinen und mittleren Unternehmen, Organisationen sowie in Berufskollegs erfolgt mittels praktischer Trainings und bedarfsspezifischer Beratungs- und Schulungsangebote.<\/span><br \/>\n<span style=\"font-size: 14pt;\">Die Kampagne setzt auf \u00d6ffentlichkeitsarbeit mit Multiplikatorwirkung, z.B. durch Ausbildung glaubw\u00fcrdiger \u201eKlimaschutz-Botschafter\u201c. Managern und Besch\u00e4ftigten sollen greifbare Vorteile konkreter Ma\u00dfnahmen aktiven Klimaschutzes aufgezeigt werden. Dabei gilt es nachhaltige Mobilit\u00e4t als Business Case mit g\u00fcnstiger Aufwand-Nutzen-Relation greifbar zu machen. Die KSM liefert konkrete Denkanst\u00f6\u00dfe, baut Barrieren ab, schafft Bewusstsein f\u00fcr Potenziale und erzeugt Aufmerksamkeit f\u00fcr Klimaschutz. Die Kampagne soll intrinsische Motivation wecken und sich zum Selbstl\u00e4ufer mit nachhaltiger Wirkung entwickeln, indem sie letztlich eigenst\u00e4ndiges Weitermachen anregt.<\/span><\/p>\n<p>&nbsp;<\/p>\n<p style=\"text-align: justify;\"><span style=\"color: #77cc6d;\"><strong>Zielsetzungen im Einzelnen<\/strong><\/span><\/p>\n<ul>\n<li style=\"text-align: justify;\"><span style=\"font-size: 14pt;\">Schulung von mindestens 500 Fahrern aus ca. 30 Betrieben in Eco-Driving-Intensivtrainings (\u201eEco Safety-Training\u201c)<\/span><\/li>\n<li style=\"text-align: justify;\"><span style=\"font-size: 14pt;\">Ganzheitliche Mobilit\u00e4tsberatung in mindestens 30 Betrieben mit bis zu 200 Besch\u00e4ftigten<\/span><\/li>\n<li style=\"text-align: justify;\"><span style=\"font-size: 14pt;\">Medienwirksame Veranstaltungen mit Spritspar-Fahrertrainings f\u00fcr Journalisten, VIPs und anderen Besucher<\/span><\/li>\n<li style=\"text-align: justify;\"><span style=\"font-size: 14pt;\">Mindestens drei Workshops zu ganzheitlicher Mobilit\u00e4t mit insgesamt 160 Teilnehmer\/-innen<\/span><\/li>\n<li style=\"text-align: justify;\"><span style=\"font-size: 14pt;\">Ausbildung von \u201eKlimaschutz-Botschaftern\u201c in KMUs und Berufskollegs<\/span><\/li>\n<li style=\"text-align: justify;\"><span style=\"font-size: 14pt;\">Durch \u00d6ffentlichkeitsarbeit wie dem Einsatz zielgruppenspezifische Kommunikationsmittel und gezielter Berichterstattung werden weitere ca. 10.000 Interessierte erreicht<\/span><\/li>\n<li style=\"text-align: justify;\"><span style=\"font-size: 14pt;\">Vermeidung von ca. 100 Tonnen CO<span style=\"font-size: 8pt;\">2<\/span>-Austo\u00df p.a.<\/span><\/li>\n<\/ul>\n","protected":false},"excerpt":{"rendered":"<p>&nbsp; Klimaschonender, kosteng\u00fcnstiger, entspannter und sicherer unterwegs: Das ist die Kurzformel f\u00fcr nachhaltige Mobilit\u00e4t. Das Ma\u00dfnahmenpaket zur K\u00f6lner Spritspar-Meisterschaft zeigt, wie der Dreiklang von \u00d6kologie, \u00d6konomie und Sozialem im Alltag gelebt werden kann. Die F\u00f6rderung einer nachhaltigen Mobilit\u00e4tskultur in Unternehmen<\/p>\n","protected":false},"author":2,"featured_media":0,"parent":0,"menu_order":0,"comment_status":"closed","ping_status":"closed","template":"","meta":{"footnotes":""},"class_list":["post-704","page","type-page","status-publish","hentry"],"_links":{"self":[{"href":"https:\/\/www.spritspar-meisterschaft.de\/index.php\/wp-json\/wp\/v2\/pages\/704","targetHints":{"allow":["GET"]}}],"collection":[{"href":"https:\/\/www.spritspar-meisterschaft.de\/index.php\/wp-json\/wp\/v2\/pages"}],"about":[{"href":"https:\/\/www.spritspar-meisterschaft.de\/index.php\/wp-json\/wp\/v2\/types\/page"}],"author":[{"embeddable":true,"href":"https:\/\/www.spritspar-meisterschaft.de\/index.php\/wp-json\/wp\/v2\/users\/2"}],"replies":[{"embeddable":true,"href":"https:\/\/www.spritspar-meisterschaft.de\/index.php\/wp-json\/wp\/v2\/comments?post=704"}],"version-history":[{"count":0,"href":"https:\/\/www.spritspar-meisterschaft.de\/index.php\/wp-json\/wp\/v2\/pages\/704\/revisions"}],"wp:attachment":[{"href":"https:\/\/www.spritspar-meisterschaft.de\/index.php\/wp-json\/wp\/v2\/media?parent=704"}],"curies":[{"name":"wp","href":"https:\/\/api.w.org\/{rel}","templated":true}]}}