{"id":705,"date":"2018-06-06T16:00:25","date_gmt":"2018-06-06T14:00:25","guid":{"rendered":"http:\/\/www.spritspar-meisterschaft.de\/?page_id=705"},"modified":"2019-08-02T17:14:55","modified_gmt":"2019-08-02T15:14:55","slug":"aktueller-stand-der-dinge","status":"publish","type":"page","link":"https:\/\/www.spritspar-meisterschaft.de\/index.php\/aktueller-stand-der-dinge\/","title":{"rendered":"Aktueller Stand der Dinge"},"content":{"rendered":"<p><span style=\"color: #77cc6d;\"><strong><span style=\"font-size: 16pt;\">Tei<\/span><\/strong><strong><span style=\"font-size: 16pt;\">lnehm<\/span><\/strong><strong><span style=\"font-size: 16pt;\">e<\/span><\/strong><strong><span style=\"font-size: 16pt;\">nde a<\/span><\/strong><strong><span style=\"font-size: 16pt;\">n Eco-Safety Trainings<\/span><\/strong><\/span><br \/>\n<span style=\"font-size: 14pt;\"><strong>aktuell <span style=\"color: #77cc6d;\">186<\/span> Fahrer*innen\u00a0<\/strong><\/span><\/p>\n<p><span style=\"color: #ffffff; font-size: 18pt;\">FFFFF<\/span><\/p>\n<p><span style=\"color: #77cc6d;\"><strong><span style=\"font-size: 16pt;\">Teilnehmende an Elektro Effizienz &amp; Sicherhei<span style=\"color: #77cc6d;\">tstr<\/span>ainings (EES-Tra<span style=\"color: #77cc6d;\">ining)<\/span><\/span><\/strong><\/span><\/p>\n<p><span style=\"font-size: 14pt;\"><strong>aktuell <span style=\"color: #77cc6d;\">38<\/span> Fahrer*innen<\/strong><\/span><\/p>\n<p><span style=\"color: #ffffff; font-size: 18pt;\">FFF<\/span><\/p>\n<p><span style=\"font-size: 16pt;\"><strong><span style=\"color: #77cc6d;\">Teilnehmende an Klimaschutzworkshops inkl. Eco-Safety Demofahrten<\/span><\/strong><\/span><\/p>\n<p><span style=\"font-size: 14pt;\"><b>aktuell<span style=\"color: #77cc6d;\"> 105<\/span> Jugendliche in 7 Workshops zu Klimaschutzbotschafter*innen ausgebildet<\/b><\/span><\/p>\n<p><span style=\"color: #ffffff; font-size: 18pt;\">FFF<\/span><\/p>\n<p><strong><span style=\"font-size: 16pt;\">Insgesamt <span style=\"color: #77cc6d;\">329<\/span> Fahrer*innen aus <span style=\"color: #77cc6d;\">30<\/span> Unternehmen<\/span><\/strong><\/p>\n<p><span style=\"color: #ffffff; font-size: 16pt;\"><strong>FFFF<\/strong><\/span><\/p>\n<p><span style=\"color: #77cc6d; font-size: 16pt;\"><strong>Ei<span style=\"color: #77cc6d;\">nsparung KSM<\/span><\/strong><\/span><\/p>\n<p><span style=\"font-size: 14pt;\"><strong>Bisher tats\u00e4chlich durch KSM-Ma\u00dfnahmen realisierte CO<sub>2<\/sub>-Einsparung (5-6% langfristige Ver\u00e4nderung):<\/strong><\/span><br \/>\n<span style=\"color: #77cc6d; font-size: 14pt;\"><strong>ca. 40 t CO<sub>2 p.a<\/sub><\/strong><\/span><\/p>\n<p><span style=\"color: #ffffff; font-size: 18pt;\">FFF<\/span><\/p>\n<p><span style=\"color: #77cc6d; font-size: 16pt;\"><b>Individuelle Einsparpotenzia<\/b><strong>le Eco-Safety Training<\/strong><\/span><br \/>\n<span style=\"font-size: 14pt;\">Durch das Training aufgezeigtes Spritsparpotenzial:<strong><span style=\"color: #77cc6d;\"> 12,4%<\/span><\/strong> im Schnitt (entspricht 0,94l\/100 km)<\/span><br \/>\n<span style=\"font-size: 14pt;\">bei einer durchschnittlichen Jahreskilometerleistung von 17.000 km p.a. entspricht das einer j\u00e4hrlichen Einsparung je TN von:<\/span><\/p>\n<ul>\n<li><strong><span style=\"color: #77cc6d; font-size: 14pt;\">156 l Sprit<\/span><\/strong><\/li>\n<li><strong><span style=\"color: #77cc6d; font-size: 14pt;\">ca. 200 EUR<\/span><\/strong><\/li>\n<\/ul>\n<p><span style=\"font-size: 14pt;\">Insgesamt haben alle 186 Teilnehmenden ein Einsparpotenzial von rund<span style=\"color: #77cc6d;\"><strong> 74 t CO<sub>2<\/sub> <span style=\"color: #77cc6d;\">pro Ja<\/span>hr<\/strong><\/span>!<\/span><\/p>\n<p><span style=\"color: #ffffff; font-size: 18pt;\">FFFF<\/span><\/p>\n<p><span style=\"color: #77cc6d;\"><strong><span style=\"font-size: 16pt;\">Individuelle Einsparpotenziale EES-Training<\/span><\/strong><\/span><br \/>\n<span style=\"font-size: 14pt;\">Durch das Training aufgezeigtes Spritsparpotenzial: 7,4% im Schnitt (entspricht 0,94 kWh\/100 km)<\/span><br \/>\n<span style=\"font-size: 14pt;\">bei einer durchschnittlichen Jahreskilometerleistung von 17.000 km p.a. entspricht das einer j\u00e4hrlichen Einsparung je TN von:<\/span><\/p>\n<ul>\n<li><span style=\"color: #77cc6d;\"><strong><span style=\"font-size: 14pt;\">159,8 kWh\u00a0<\/span><\/strong><\/span><\/li>\n<\/ul>\n<p><span style=\"font-size: 14pt;\">Insgesamt haben alle 23 Teilnehmenden ein Einsparpotenzial von rund <strong><span style=\"color: #77cc6d;\">2,91 t CO2 pro Jahr!<\/span><\/strong><\/span><\/p>\n<p><span style=\"color: #ffffff; font-size: 18pt;\">FFF<\/span><\/p>\n<p><span style=\"color: #77cc6d;\"><strong><span style=\"font-size: 16pt;\">Klima-aktive <span style=\"color: #77cc6d;\">Unternehmen, Organisationen und Einrichtungen\u00a0<\/span><\/span><\/strong><\/span><\/p>\n<ol>\n<li><span style=\"font-size: 14pt;\">Randstad Deutschland<\/span><\/li>\n<li><span style=\"font-size: 14pt;\">Di\u00f6zesan-Caritasverband f\u00fcr das Erzbistum K\u00f6ln e. V.<\/span><\/li>\n<li><span style=\"font-size: 14pt;\">Diakonie gGmbH K\u00f6ln und Region<\/span><\/li>\n<li><span style=\"font-size: 14pt;\">Ordnungsamt der Stadt K\u00f6ln<\/span><\/li>\n<li><span style=\"font-size: 14pt;\">TH K\u00f6ln &#8211; University of Applied Sciences \/ Faculty of Architecture<\/span><\/li>\n<li><span style=\"font-size: 14pt;\">Universit\u00e4t zu K\u00f6ln \/ MINT-Didaktik &amp; -Stipendiaten<\/span><\/li>\n<li><span style=\"font-size: 14pt;\">Gr\u00fcnfl\u00e4chenamt der Stadt K\u00f6ln<\/span><\/li>\n<li><span style=\"font-size: 14pt;\">Zentrale Ausl\u00e4nderbeh\u00f6rde der Stadt K\u00f6ln<\/span><\/li>\n<li><span style=\"font-size: 14pt;\">Caritas K\u00f6ln<\/span><\/li>\n<li><span style=\"font-size: 14pt;\">Fundus e.V.<\/span><\/li>\n<li><span style=\"font-size: 14pt;\">B\u00fcrgerplattform Stark! Im K\u00f6lner Norden<\/span><\/li>\n<li><span style=\"font-size: 14pt;\">Johanniter Unfallhilfe e.V.<\/span><\/li>\n<li><span style=\"font-size: 14pt;\">KulturPaten e.V.<\/span><\/li>\n<li><span style=\"font-size: 14pt;\">I\u00b4vendz<\/span><\/li>\n<li><span style=\"font-size: 14pt;\">K\u00f6lner K\u00fcnstler Theater<\/span><\/li>\n<li><span style=\"font-size: 14pt;\">Leonardo Da Vinci Gymnasium<\/span><\/li>\n<li><span style=\"font-size: 14pt;\">Jugendwerkstatt Nippes<\/span><\/li>\n<li><span style=\"font-size: 14pt;\">Jugendwerkstatt Klettenberg<\/span><\/li>\n<li><span style=\"font-size: 14pt;\">Business and Professional Women (BPW)<\/span><\/li>\n<li><span style=\"font-size: 14pt;\">Lions Club K\u00f6ln-Lindenthal<\/span><\/li>\n<li><span style=\"font-size: 14pt;\">IN VIA Kath. Verband f\u00fcr M\u00e4dchen- und Frauensozialarbeit K\u00f6ln e.V.<\/span><\/li>\n<li><span style=\"font-size: 14pt;\">Theater ImPuls<\/span><\/li>\n<li><span style=\"font-size: 14pt;\">F\u00fcr P\u00e4nz e.V.<\/span><\/li>\n<li><span style=\"font-size: 14pt;\">Cologne Business School<\/span><\/li>\n<li><span style=\"font-size: 14pt;\">Joblinge gAG Rheinland<\/span><\/li>\n<li><span style=\"font-size: 14pt;\">Jugendhilfe e.V.<\/span><\/li>\n<li><span style=\"font-size: 14pt;\">Jugendwerkstatt M\u00fclheim<\/span><\/li>\n<li><span style=\"font-size: 14pt;\">Jugendwerkstatt Ehrenfeld<\/span><\/li>\n<li><span style=\"font-size: 14pt;\">K\u00f6lner Studentenwerk<\/span><\/li>\n<li><span style=\"font-size: 14pt;\">ASTA der Universit\u00e4t zu K\u00f6ln<\/span><\/li>\n<\/ol>\n<p style=\"text-align: justify;\">\n","protected":false},"excerpt":{"rendered":"<p>Teilnehmende an Eco-Safety Trainings aktuell 186 Fahrer*innen\u00a0 FFFFF Teilnehmende an Elektro Effizienz &amp; Sicherheitstrainings (EES-Training) aktuell 38 Fahrer*innen FFF Teilnehmende an Klimaschutzworkshops inkl. Eco-Safety Demofahrten aktuell 105 Jugendliche in 7 Workshops zu Klimaschutzbotschafter*innen ausgebildet FFF Insgesamt 329 Fahrer*innen aus 30<\/p>\n","protected":false},"author":2,"featured_media":0,"parent":0,"menu_order":0,"comment_status":"closed","ping_status":"closed","template":"","meta":{"footnotes":""},"class_list":["post-705","page","type-page","status-publish","hentry"],"_links":{"self":[{"href":"https:\/\/www.spritspar-meisterschaft.de\/index.php\/wp-json\/wp\/v2\/pages\/705","targetHints":{"allow":["GET"]}}],"collection":[{"href":"https:\/\/www.spritspar-meisterschaft.de\/index.php\/wp-json\/wp\/v2\/pages"}],"about":[{"href":"https:\/\/www.spritspar-meisterschaft.de\/index.php\/wp-json\/wp\/v2\/types\/page"}],"author":[{"embeddable":true,"href":"https:\/\/www.spritspar-meisterschaft.de\/index.php\/wp-json\/wp\/v2\/users\/2"}],"replies":[{"embeddable":true,"href":"https:\/\/www.spritspar-meisterschaft.de\/index.php\/wp-json\/wp\/v2\/comments?post=705"}],"version-history":[{"count":0,"href":"https:\/\/www.spritspar-meisterschaft.de\/index.php\/wp-json\/wp\/v2\/pages\/705\/revisions"}],"wp:attachment":[{"href":"https:\/\/www.spritspar-meisterschaft.de\/index.php\/wp-json\/wp\/v2\/media?parent=705"}],"curies":[{"name":"wp","href":"https:\/\/api.w.org\/{rel}","templated":true}]}}